{"id":234,"date":"2018-11-26T11:27:54","date_gmt":"2018-11-26T11:27:54","guid":{"rendered":"https:\/\/mesquebocatering.cat\/?page_id=234"},"modified":"2018-11-29T10:58:15","modified_gmt":"2018-11-29T10:58:15","slug":"empreses","status":"publish","type":"page","link":"https:\/\/mesquebocatering.cat\/ca\/serveis-de-catering\/empreses\/","title":{"rendered":"Empreses"},"content":{"rendered":"\n<style type=\"text\/css\" data-created_by=\"avia_inline_auto\" id=\"style-css-av-joycanrv-f53e39868cff9f2b8af62a69ef9bc869\">\n.avia-section.av-joycanrv-f53e39868cff9f2b8af62a69ef9bc869{\nbackground-repeat:no-repeat;\nbackground-image:url(https:\/\/mesquebocatering.cat\/wp-content\/uploads\/2018\/11\/catering_empresas.jpg);\nbackground-position:50% 100%;\nbackground-attachment:scroll;\nmargin-top:-50px;\n}\n<\/style>\n<div id='av_section_1'  class='avia-section av-joycanrv-f53e39868cff9f2b8af62a69ef9bc869 main_color avia-section-default avia-no-border-styling  avia-builder-el-0  el_before_av_section  avia-builder-el-first  avia-bg-style-scroll av-minimum-height av-minimum-height-custom  container_wrap fullsize'  data-section-bg-repeat='no-repeat' data-av_minimum_height_px='663'><div class='container av-section-cont-open' style='height:663px'><main  role=\"main\" itemprop=\"mainContentOfPage\"  class='template-page content  av-content-full alpha units'><div class='post-entry post-entry-type-page post-entry-234'><div class='entry-content-wrapper clearfix'>\n\n<style type=\"text\/css\" data-created_by=\"avia_inline_auto\" id=\"style-css-av-jp2hihac-c47a5746097682c63d1d2102a0a131e1\">\n#top .av-special-heading.av-jp2hihac-c47a5746097682c63d1d2102a0a131e1{\npadding-bottom:10px;\ncolor:#ffffff;\nfont-size:77px;\n}\nbody .av-special-heading.av-jp2hihac-c47a5746097682c63d1d2102a0a131e1 .av-special-heading-tag .heading-char{\nfont-size:25px;\n}\n#top #wrap_all .av-special-heading.av-jp2hihac-c47a5746097682c63d1d2102a0a131e1 .av-special-heading-tag{\nfont-size:77px;\n}\n.av-special-heading.av-jp2hihac-c47a5746097682c63d1d2102a0a131e1 .special-heading-inner-border{\nborder-color:#ffffff;\n}\n.av-special-heading.av-jp2hihac-c47a5746097682c63d1d2102a0a131e1 .av-subheading{\nfont-size:15px;\n}\n\n@media only screen and (min-width: 480px) and (max-width: 767px){ \n#top #wrap_all .av-special-heading.av-jp2hihac-c47a5746097682c63d1d2102a0a131e1 .av-special-heading-tag{\nfont-size:0.8em;\n}\n}\n\n@media only screen and (max-width: 479px){ \n#top #wrap_all .av-special-heading.av-jp2hihac-c47a5746097682c63d1d2102a0a131e1 .av-special-heading-tag{\nfont-size:0.8em;\n}\n}\n<\/style>\n<div  class='av-special-heading av-jp2hihac-c47a5746097682c63d1d2102a0a131e1 av-special-heading-h1 custom-color-heading blockquote modern-quote modern-centered  avia-builder-el-1  avia-builder-el-no-sibling  av-inherit-size'><h1 class='av-special-heading-tag'  itemprop=\"headline\"  >Catering per a empreses a Tarragona<\/h1><div class=\"special-heading-border\"><div class=\"special-heading-inner-border\"><\/div><\/div><\/div>\n<\/div><\/div><\/main><!-- close content main element --><\/div><\/div><div id='av_section_2'  class='avia-section av-joycanrv-532db28e487969f565ed11e3c97cc6bb main_color avia-section-default avia-no-border-styling  avia-builder-el-2  el_after_av_section  el_before_av_section  avia-bg-style-scroll container_wrap fullsize'  ><div class='container av-section-cont-open' ><div class='template-page content  av-content-full alpha units'><div class='post-entry post-entry-type-page post-entry-234'><div class='entry-content-wrapper clearfix'>\n\n<style type=\"text\/css\" data-created_by=\"avia_inline_auto\" id=\"style-css-av-jp2hixup-5a118f5bfbaa10b7adad312e9467b5bf\">\n#top .av-special-heading.av-jp2hixup-5a118f5bfbaa10b7adad312e9467b5bf{\npadding-bottom:70px;\ncolor:#333333;\nfont-size:40px;\n}\nbody .av-special-heading.av-jp2hixup-5a118f5bfbaa10b7adad312e9467b5bf .av-special-heading-tag .heading-char{\nfont-size:25px;\n}\n#top #wrap_all .av-special-heading.av-jp2hixup-5a118f5bfbaa10b7adad312e9467b5bf .av-special-heading-tag{\nfont-size:40px;\n}\n.av-special-heading.av-jp2hixup-5a118f5bfbaa10b7adad312e9467b5bf .special-heading-inner-border{\nborder-color:#333333;\n}\n.av-special-heading.av-jp2hixup-5a118f5bfbaa10b7adad312e9467b5bf .av-subheading{\nfont-size:15px;\n}\n\n@media only screen and (min-width: 480px) and (max-width: 767px){ \n#top #wrap_all .av-special-heading.av-jp2hixup-5a118f5bfbaa10b7adad312e9467b5bf .av-special-heading-tag{\nfont-size:0.8em;\n}\n}\n\n@media only screen and (max-width: 479px){ \n#top #wrap_all .av-special-heading.av-jp2hixup-5a118f5bfbaa10b7adad312e9467b5bf .av-special-heading-tag{\nfont-size:0.8em;\n}\n}\n<\/style>\n<div  class='av-special-heading av-jp2hixup-5a118f5bfbaa10b7adad312e9467b5bf av-special-heading-h2 custom-color-heading blockquote modern-quote modern-centered  avia-builder-el-3  el_before_av_masonry_gallery  avia-builder-el-no-sibling  av-thin-font av-inherit-size'><h2 class='av-special-heading-tag'  itemprop=\"headline\"  >Mira <strong>com ho fem<\/strong><\/h2><div class=\"special-heading-border\"><div class=\"special-heading-inner-border\"><\/div><\/div><\/div>\n<div id='av-masonry-1' class='av-masonry av-joyi7271-24b59efaf014e27a519f546dc7bd68d5 noHover av-fixed-size av-large-gap av-hover-overlay- av-masonry-animation- av-masonry-col-3 av-caption-always av-caption-style- av-masonry-gallery ' data-post_id=\"234\"><div class=\"av-masonry-container isotope av-js-disabled\"><div class='av-masonry-entry isotope-item av-masonry-item-no-image '><\/div><div id='av-masonry-1-item-307' data-av-masonry-item='307' class='av-masonry-entry isotope-item post-307 attachment type-attachment status-inherit hentry  av-masonry-item-with-image av-portrait-img'    itemprop=\"thumbnailUrl\" ><div class='av-inner-masonry-sizer'><\/div><figure class='av-inner-masonry main_color'><div class=\"av-masonry-outerimage-container\"><div class='av-masonry-image-container' style=\"background-image: url(https:\/\/mesquebocatering.cat\/wp-content\/uploads\/2018\/11\/servicio-1-338x705.jpg);\"  title=\"servicio-1\"  ><\/div><\/div><\/figure><\/div><!--end av-masonry entry--><div id='av-masonry-1-item-308' data-av-masonry-item='308' class='av-masonry-entry isotope-item post-308 attachment type-attachment status-inherit hentry  av-masonry-item-with-image av-grid-img'    itemprop=\"thumbnailUrl\" ><div class='av-inner-masonry-sizer'><\/div><figure class='av-inner-masonry main_color'><div class=\"av-masonry-outerimage-container\"><div class='av-masonry-image-container' style=\"background-image: url(https:\/\/mesquebocatering.cat\/wp-content\/uploads\/2018\/11\/servicio-2.jpg);\"  title=\"servicio-2\"  ><\/div><\/div><\/figure><\/div><!--end av-masonry entry--><div id='av-masonry-1-item-309' data-av-masonry-item='309' class='av-masonry-entry isotope-item post-309 attachment type-attachment status-inherit hentry  av-masonry-item-with-image av-grid-img'    itemprop=\"thumbnailUrl\" ><div class='av-inner-masonry-sizer'><\/div><figure class='av-inner-masonry main_color'><div class=\"av-masonry-outerimage-container\"><div class='av-masonry-image-container' style=\"background-image: url(https:\/\/mesquebocatering.cat\/wp-content\/uploads\/2018\/11\/servicio-3.jpg);\"  title=\"servicio-3\"  ><\/div><\/div><\/figure><\/div><!--end av-masonry entry--><div id='av-masonry-1-item-310' data-av-masonry-item='310' class='av-masonry-entry isotope-item post-310 attachment type-attachment status-inherit hentry  av-masonry-item-with-image av-landscape-img'    itemprop=\"thumbnailUrl\" ><div class='av-inner-masonry-sizer'><\/div><figure class='av-inner-masonry main_color'><div class=\"av-masonry-outerimage-container\"><div class='av-masonry-image-container' style=\"background-image: url(https:\/\/mesquebocatering.cat\/wp-content\/uploads\/2018\/11\/servicio-4-705x340.jpg);\"  title=\"servicio-4\"  ><\/div><\/div><\/figure><\/div><!--end av-masonry entry--><\/div><\/div>\n<\/div><\/div><\/div><!-- close content main div --><\/div><\/div>\n<style type=\"text\/css\" data-created_by=\"avia_inline_auto\" id=\"style-css-av-joycanrv-28bcee85d679aec18089bb85ddb1cb3c\">\n.avia-section.av-joycanrv-28bcee85d679aec18089bb85ddb1cb3c{\nbackground-repeat:no-repeat;\nbackground-image:url(https:\/\/mesquebocatering.cat\/wp-content\/uploads\/2018\/11\/fondo_servicios.jpg);\nbackground-position:50% 0%;\nbackground-attachment:scroll;\n}\n<\/style>\n<div id='av_section_3'  class='avia-section av-joycanrv-28bcee85d679aec18089bb85ddb1cb3c main_color avia-section-default avia-no-border-styling  avia-builder-el-5  el_after_av_section  avia-builder-el-last  avia-bg-style-scroll container_wrap fullsize'  data-section-bg-repeat='no-repeat'><div class='container av-section-cont-open' ><div class='template-page content  av-content-full alpha units'><div class='post-entry post-entry-type-page post-entry-234'><div class='entry-content-wrapper clearfix'>\n\n<style type=\"text\/css\" data-created_by=\"avia_inline_auto\" id=\"style-css-av-jp2hjq0i-cc74fe4f27e1d4c8c375f9698b102540\">\n#top .av-special-heading.av-jp2hjq0i-cc74fe4f27e1d4c8c375f9698b102540{\npadding-bottom:45px;\ncolor:#333333;\nfont-size:30px;\n}\nbody .av-special-heading.av-jp2hjq0i-cc74fe4f27e1d4c8c375f9698b102540 .av-special-heading-tag .heading-char{\nfont-size:25px;\n}\n#top #wrap_all .av-special-heading.av-jp2hjq0i-cc74fe4f27e1d4c8c375f9698b102540 .av-special-heading-tag{\nfont-size:30px;\n}\n.av-special-heading.av-jp2hjq0i-cc74fe4f27e1d4c8c375f9698b102540 .special-heading-inner-border{\nborder-color:#333333;\n}\n.av-special-heading.av-jp2hjq0i-cc74fe4f27e1d4c8c375f9698b102540 .av-subheading{\nfont-size:15px;\n}\n\n@media only screen and (min-width: 480px) and (max-width: 767px){ \n#top #wrap_all .av-special-heading.av-jp2hjq0i-cc74fe4f27e1d4c8c375f9698b102540 .av-special-heading-tag{\nfont-size:0.8em;\n}\n}\n\n@media only screen and (max-width: 479px){ \n#top #wrap_all .av-special-heading.av-jp2hjq0i-cc74fe4f27e1d4c8c375f9698b102540 .av-special-heading-tag{\nfont-size:0.8em;\n}\n}\n<\/style>\n<div  class='av-special-heading av-jp2hjq0i-cc74fe4f27e1d4c8c375f9698b102540 av-special-heading-h3 custom-color-heading blockquote modern-quote modern-centered  avia-builder-el-6  el_before_av_one_fifth  avia-builder-el-first  av-thin-font av-inherit-size'><h3 class='av-special-heading-tag'  itemprop=\"headline\"  >La teva empresa de <strong>c\u00e0tering per a empreses<\/strong> a Tarragona<\/h3><div class=\"special-heading-border\"><div class=\"special-heading-inner-border\"><\/div><\/div><\/div>\n\n<style type=\"text\/css\" data-created_by=\"avia_inline_auto\" id=\"style-css-av-joydaqtt-53b82c7fc719e72982caf08023f72acd\">\n.flex_column.av-joydaqtt-53b82c7fc719e72982caf08023f72acd{\n-webkit-border-radius:0px 0px 0px 0px;\n-moz-border-radius:0px 0px 0px 0px;\nborder-radius:0px 0px 0px 0px;\npadding:0px 0px 0px 0px;\n}\n<\/style>\n<div class='flex_column av-joydaqtt-53b82c7fc719e72982caf08023f72acd av_one_fifth  avia-builder-el-7  el_after_av_heading  el_before_av_three_fifth  first flex_column_div av-zero-column-padding '     ><\/div>\n<style type=\"text\/css\" data-created_by=\"avia_inline_auto\" id=\"style-css-av-joydaqtt-efcfb7e15a4795c0101150c93f322e49\">\n.flex_column.av-joydaqtt-efcfb7e15a4795c0101150c93f322e49{\n-webkit-border-radius:0px 0px 0px 0px;\n-moz-border-radius:0px 0px 0px 0px;\nborder-radius:0px 0px 0px 0px;\npadding:0px 0px 0px 0px;\n}\n<\/style>\n<div class='flex_column av-joydaqtt-efcfb7e15a4795c0101150c93f322e49 av_three_fifth  avia-builder-el-8  el_after_av_one_fifth  el_before_av_one_fifth  flex_column_div av-zero-column-padding '     ><p><section  class='av_textblock_section av-joydmhbn-462bb9b7a20facef47998c8cc1ef360e'  itemscope=\"itemscope\" itemtype=\"https:\/\/schema.org\/CreativeWork\" ><div class='avia_textblock'  itemprop=\"text\" ><p>En el nostre servei de c\u00e0tering de <strong>M\u00e9s que bo<\/strong>, tamb\u00e9 disposem de men\u00fas elaborats tant per a les nostres botigues, aix\u00ed com per a empreses que cada dia requereixen dels nostres serveis de cuina. D&#8217;aqu\u00ed, que en la nostra cuina oferim solucions de c\u00e0tering per a empreses de la prov\u00edncia de Tarragona amb productes de proximitat i qualitat amb receptes variades.<\/p>\n<p>Una s\u00e8rie de men\u00fas equilibrats que oferim di\u00e0riament a empreses de qualsevol sector. Perqu\u00e8, qu\u00e8 hi ha millor que menjar com si estiguessis a casa? Respectem el producte i els aliments. Un producte fresc, de proximitat, i amb receptes de cuina tradicional. Aut\u00e8ntic menjar casol\u00e0 preparat di\u00e0riament per a la major comoditat d&#8217;empresaris i treballadors. <strong>Treballem tant en les nostres cuinem com en les cuines dels propis centres de treball.<\/strong><\/p>\n<p>Ingredients frescos i menjar casol\u00e0 que posem a la teva disposici\u00f3. Ens adaptem a la teva situaci\u00f3 i per aix\u00f2 t&#8217;oferim el nostre servei a domicili per a m\u00e9s comoditat dels empleats. Un servei de c\u00e0tering a domicili per a empreses amb el que disposar\u00e0s d&#8217;un men\u00fa nutritiu, equilibrat, i amb un gran sabor tradicional i casol\u00e0 per als teus \u00e0pats diaris.<\/p>\n<p><strong>M\u00e0xima professionalitat en c\u00e0tering per a empreses<\/strong><\/p>\n<p>Realitzem una gesti\u00f3 eficient, sense oblidar els petits detalls que marquen les difer\u00e8ncies. Aportem tota la nostra experi\u00e8ncia en el servei a domicili de menjar per a empreses i treballadors, i si cal, tamb\u00e9 de personal i mobiliari.<\/p>\n<p>Oferim cuina tradicional, de fusi\u00f3, moderna o innovadora. Nom\u00e9s has de dir-nos com ho vols i nosaltres donarem forma al que vols. Estem especialitzats en dinars i sopars d&#8217;empresa, stands en fires i congressos, coffee breaks, aperitius, esmorzar i tot el que necessitis. Tot aix\u00f2 gr\u00e0cies al nostre equip de professionals.<\/p>\n<p>Tamb\u00e9 estem especialitzats en c\u00e0tering per a reunions de directius, proporcionant uns aperitius i menjars de gran qualitat. Un assortiment per enfortir la imatge d&#8217;empresa davant de qualsevol client, soci o company.<\/p>\n<p><strong>M\u00e9s que bo catering<\/strong> t\u00e9 el tracte directe amb la direcci\u00f3 de l&#8217;empresa, amb decisions i solucions a l&#8217;instant. Sense intermediaris ni esperes per respostes.<\/p>\n<\/div><\/section><br \/>\n\n<style type=\"text\/css\" data-created_by=\"avia_inline_auto\" id=\"style-css-av-jozr9km4-2249b77197b77c860658bf184d3f152e\">\n#top .hr.hr-invisible.av-jozr9km4-2249b77197b77c860658bf184d3f152e{\nheight:60px;\n}\n<\/style>\n<div  class='hr av-jozr9km4-2249b77197b77c860658bf184d3f152e hr-invisible  avia-builder-el-10  el_after_av_textblock  el_before_av_contact '><span class='hr-inner '><span class=\"hr-inner-style\"><\/span><\/span><\/div><br \/>\n<form action=\"https:\/\/mesquebocatering.cat\/ca\/serveis-de-catering\/empreses\/\" method=\"post\"  class=\"avia_ajax_form av-form-labels-visible   avia-builder-el-11  el_after_av_hr  avia-builder-el-last  cta-formulario av-centered-form  av-custom-form-color av-dark-form \" data-avia-form-id=\"1\" data-avia-redirect='' ><h3 class=''>Sol\u00b7licita un pressupost personalitzat<\/h3><fieldset><p class='  first_form  form_element form_fullwidth' id='element_avia_1_1'><label for=\"avia_1_1\">Nom <abbr class=\"required\" title=\"obligatori\">*<\/abbr><\/label> <input name=\"avia_1_1\" class=\"text_input is_empty\" type=\"text\" id=\"avia_1_1\" value=\"\" \/><\/p><p class='  first_form  form_element form_fullwidth' id='element_avia_2_1'><label for=\"avia_2_1\">Tel\u00e8fon <abbr class=\"required\" title=\"obligatori\">*<\/abbr><\/label> <input name=\"avia_2_1\" class=\"text_input is_phone\" type=\"text\" id=\"avia_2_1\" value=\"\" \/><\/p><p class='  first_form  form_element form_fullwidth' id='element_avia_3_1'><label for=\"avia_3_1\">Correu electr\u00f2nic <abbr class=\"required\" title=\"obligatori\">*<\/abbr><\/label> <input name=\"avia_3_1\" class=\"text_input is_email\" type=\"text\" id=\"avia_3_1\" value=\"\" \/><\/p><p class='  first_form  form_element form_fullwidth' id='element_avia_4_1'><label for=\"avia_4_1\" class=\"textare_label hidden textare_label_avia_4_1\">Missatge <abbr class=\"required\" title=\"obligatori\">*<\/abbr><\/label><textarea  name=\"avia_4_1\" class=\"text_area is_empty\" cols=\"40\" rows=\"7\" id=\"avia_4_1\" ><\/textarea><\/p><p class=\"hidden\"><input type=\"text\" name=\"avia_5_1\" class=\"hidden \" id=\"avia_5_1\" value=\"\" \/><\/p><p class=' av_form_privacy_check av_contact_privacy_check first_form  form_element form_fullwidth' id='element_avia_6_1'><input  name=\"avia_6_1\" class=\"input_checkbox is_empty\" type=\"checkbox\" id=\"avia_6_1\" value=\"true\"\/><label class=\"input_checkbox_label\" for=\"avia_6_1\">Accepto els termes i condicions de <a href='https:\/\/mesquebocatering.cat\/ca\/avis-legal\/' target='_blank'>l'av\u00eds legal<\/a> <abbr class=\"required\" title=\"obligatori\">*<\/abbr><\/label><\/p><p class=\"form_element \"><input type=\"hidden\" value=\"1\" name=\"avia_generated_form1\" \/><input type=\"submit\" value=\"ENVIAR\" class=\"button\"  data-sending-label=\"Enviant\"\/><\/p><\/fieldset><\/form><div id=\"ajaxresponse_1\" class=\"ajaxresponse ajaxresponse_1 hidden\"><\/div><\/p><\/div>\n<style type=\"text\/css\" data-created_by=\"avia_inline_auto\" id=\"style-css-av-joydaqtt-efcfb7e15a4795c0101150c93f322e49\">\n.flex_column.av-joydaqtt-efcfb7e15a4795c0101150c93f322e49{\n-webkit-border-radius:0px 0px 0px 0px;\n-moz-border-radius:0px 0px 0px 0px;\nborder-radius:0px 0px 0px 0px;\npadding:0px 0px 0px 0px;\n}\n<\/style>\n<div class='flex_column av-joydaqtt-efcfb7e15a4795c0101150c93f322e49 av_one_fifth  avia-builder-el-12  el_after_av_three_fifth  avia-builder-el-last  flex_column_div av-zero-column-padding '     ><\/div><\/p>\n","protected":false},"excerpt":{"rendered":"","protected":false},"author":1,"featured_media":0,"parent":231,"menu_order":0,"comment_status":"closed","ping_status":"closed","template":"","meta":{"footnotes":""},"class_list":["post-234","page","type-page","status-publish","hentry"],"yoast_head":"<!-- This site is optimized with the Yoast SEO plugin v27.5 - https:\/\/yoast.com\/product\/yoast-seo-wordpress\/ -->\n<title>Empreses - Empresa de Catering en Tarragona - Mes Que B\u00f3<\/title>\n<meta name=\"robots\" content=\"index, follow, max-snippet:-1, max-image-preview:large, max-video-preview:-1\" \/>\n<link rel=\"canonical\" href=\"https:\/\/mesquebocatering.cat\/ca\/serveis-de-catering\/empreses\/\" \/>\n<meta property=\"og:locale\" content=\"ca_ES\" \/>\n<meta property=\"og:type\" content=\"article\" \/>\n<meta property=\"og:title\" content=\"Empreses - Empresa de Catering en Tarragona - Mes Que B\u00f3\" \/>\n<meta property=\"og:url\" content=\"https:\/\/mesquebocatering.cat\/ca\/serveis-de-catering\/empreses\/\" \/>\n<meta property=\"og:site_name\" content=\"Empresa de Catering en Tarragona - Mes Que B\u00f3\" \/>\n<meta property=\"article:modified_time\" content=\"2018-11-29T10:58:15+00:00\" \/>\n<meta name=\"twitter:card\" content=\"summary_large_image\" \/>\n<meta name=\"twitter:label1\" content=\"Temps estimat de lectura\" \/>\n\t<meta name=\"twitter:data1\" content=\"8 minuts\" \/>\n<script type=\"application\/ld+json\" class=\"yoast-schema-graph\">{\"@context\":\"https:\\\/\\\/schema.org\",\"@graph\":[{\"@type\":\"WebPage\",\"@id\":\"https:\\\/\\\/mesquebocatering.cat\\\/ca\\\/serveis-de-catering\\\/empreses\\\/\",\"url\":\"https:\\\/\\\/mesquebocatering.cat\\\/ca\\\/serveis-de-catering\\\/empreses\\\/\",\"name\":\"Empreses - Empresa de Catering en Tarragona - Mes Que B\u00f3\",\"isPartOf\":{\"@id\":\"https:\\\/\\\/mesquebocatering.cat\\\/#website\"},\"datePublished\":\"2018-11-26T11:27:54+00:00\",\"dateModified\":\"2018-11-29T10:58:15+00:00\",\"breadcrumb\":{\"@id\":\"https:\\\/\\\/mesquebocatering.cat\\\/ca\\\/serveis-de-catering\\\/empreses\\\/#breadcrumb\"},\"inLanguage\":\"ca\",\"potentialAction\":[{\"@type\":\"ReadAction\",\"target\":[\"https:\\\/\\\/mesquebocatering.cat\\\/ca\\\/serveis-de-catering\\\/empreses\\\/\"]}]},{\"@type\":\"BreadcrumbList\",\"@id\":\"https:\\\/\\\/mesquebocatering.cat\\\/ca\\\/serveis-de-catering\\\/empreses\\\/#breadcrumb\",\"itemListElement\":[{\"@type\":\"ListItem\",\"position\":1,\"name\":\"Portada\",\"item\":\"https:\\\/\\\/mesquebocatering.cat\\\/ca\\\/\"},{\"@type\":\"ListItem\",\"position\":2,\"name\":\"Serveis de c\u00e0tering\",\"item\":\"https:\\\/\\\/mesquebocatering.cat\\\/ca\\\/serveis-de-catering\\\/\"},{\"@type\":\"ListItem\",\"position\":3,\"name\":\"Empreses\"}]},{\"@type\":\"WebSite\",\"@id\":\"https:\\\/\\\/mesquebocatering.cat\\\/#website\",\"url\":\"https:\\\/\\\/mesquebocatering.cat\\\/\",\"name\":\"Empresa de Catering en Tarragona - Mes Que B\u00f3\",\"description\":\"Empresa de Catering en Tarragona y Reus\",\"publisher\":{\"@id\":\"https:\\\/\\\/mesquebocatering.cat\\\/#organization\"},\"potentialAction\":[{\"@type\":\"SearchAction\",\"target\":{\"@type\":\"EntryPoint\",\"urlTemplate\":\"https:\\\/\\\/mesquebocatering.cat\\\/?s={search_term_string}\"},\"query-input\":{\"@type\":\"PropertyValueSpecification\",\"valueRequired\":true,\"valueName\":\"search_term_string\"}}],\"inLanguage\":\"ca\"},{\"@type\":\"Organization\",\"@id\":\"https:\\\/\\\/mesquebocatering.cat\\\/#organization\",\"name\":\"Mes Que B\u00f3 Catering\",\"url\":\"https:\\\/\\\/mesquebocatering.cat\\\/\",\"logo\":{\"@type\":\"ImageObject\",\"inLanguage\":\"ca\",\"@id\":\"https:\\\/\\\/mesquebocatering.cat\\\/#\\\/schema\\\/logo\\\/image\\\/\",\"url\":\"https:\\\/\\\/mesquebocatering.cat\\\/wp-content\\\/uploads\\\/2018\\\/11\\\/logo_footer.png\",\"contentUrl\":\"https:\\\/\\\/mesquebocatering.cat\\\/wp-content\\\/uploads\\\/2018\\\/11\\\/logo_footer.png\",\"width\":178,\"height\":178,\"caption\":\"Mes Que B\u00f3 Catering\"},\"image\":{\"@id\":\"https:\\\/\\\/mesquebocatering.cat\\\/#\\\/schema\\\/logo\\\/image\\\/\"}}]}<\/script>\n<!-- \/ Yoast SEO plugin. -->","yoast_head_json":{"title":"Empreses - Empresa de Catering en Tarragona - Mes Que B\u00f3","robots":{"index":"index","follow":"follow","max-snippet":"max-snippet:-1","max-image-preview":"max-image-preview:large","max-video-preview":"max-video-preview:-1"},"canonical":"https:\/\/mesquebocatering.cat\/ca\/serveis-de-catering\/empreses\/","og_locale":"ca_ES","og_type":"article","og_title":"Empreses - Empresa de Catering en Tarragona - Mes Que B\u00f3","og_url":"https:\/\/mesquebocatering.cat\/ca\/serveis-de-catering\/empreses\/","og_site_name":"Empresa de Catering en Tarragona - Mes Que B\u00f3","article_modified_time":"2018-11-29T10:58:15+00:00","twitter_card":"summary_large_image","twitter_misc":{"Temps estimat de lectura":"8 minuts"},"schema":{"@context":"https:\/\/schema.org","@graph":[{"@type":"WebPage","@id":"https:\/\/mesquebocatering.cat\/ca\/serveis-de-catering\/empreses\/","url":"https:\/\/mesquebocatering.cat\/ca\/serveis-de-catering\/empreses\/","name":"Empreses - Empresa de Catering en Tarragona - Mes Que B\u00f3","isPartOf":{"@id":"https:\/\/mesquebocatering.cat\/#website"},"datePublished":"2018-11-26T11:27:54+00:00","dateModified":"2018-11-29T10:58:15+00:00","breadcrumb":{"@id":"https:\/\/mesquebocatering.cat\/ca\/serveis-de-catering\/empreses\/#breadcrumb"},"inLanguage":"ca","potentialAction":[{"@type":"ReadAction","target":["https:\/\/mesquebocatering.cat\/ca\/serveis-de-catering\/empreses\/"]}]},{"@type":"BreadcrumbList","@id":"https:\/\/mesquebocatering.cat\/ca\/serveis-de-catering\/empreses\/#breadcrumb","itemListElement":[{"@type":"ListItem","position":1,"name":"Portada","item":"https:\/\/mesquebocatering.cat\/ca\/"},{"@type":"ListItem","position":2,"name":"Serveis de c\u00e0tering","item":"https:\/\/mesquebocatering.cat\/ca\/serveis-de-catering\/"},{"@type":"ListItem","position":3,"name":"Empreses"}]},{"@type":"WebSite","@id":"https:\/\/mesquebocatering.cat\/#website","url":"https:\/\/mesquebocatering.cat\/","name":"Empresa de Catering en Tarragona - Mes Que B\u00f3","description":"Empresa de Catering en Tarragona y Reus","publisher":{"@id":"https:\/\/mesquebocatering.cat\/#organization"},"potentialAction":[{"@type":"SearchAction","target":{"@type":"EntryPoint","urlTemplate":"https:\/\/mesquebocatering.cat\/?s={search_term_string}"},"query-input":{"@type":"PropertyValueSpecification","valueRequired":true,"valueName":"search_term_string"}}],"inLanguage":"ca"},{"@type":"Organization","@id":"https:\/\/mesquebocatering.cat\/#organization","name":"Mes Que B\u00f3 Catering","url":"https:\/\/mesquebocatering.cat\/","logo":{"@type":"ImageObject","inLanguage":"ca","@id":"https:\/\/mesquebocatering.cat\/#\/schema\/logo\/image\/","url":"https:\/\/mesquebocatering.cat\/wp-content\/uploads\/2018\/11\/logo_footer.png","contentUrl":"https:\/\/mesquebocatering.cat\/wp-content\/uploads\/2018\/11\/logo_footer.png","width":178,"height":178,"caption":"Mes Que B\u00f3 Catering"},"image":{"@id":"https:\/\/mesquebocatering.cat\/#\/schema\/logo\/image\/"}}]}},"_links":{"self":[{"href":"https:\/\/mesquebocatering.cat\/ca\/wp-json\/wp\/v2\/pages\/234","targetHints":{"allow":["GET"]}}],"collection":[{"href":"https:\/\/mesquebocatering.cat\/ca\/wp-json\/wp\/v2\/pages"}],"about":[{"href":"https:\/\/mesquebocatering.cat\/ca\/wp-json\/wp\/v2\/types\/page"}],"author":[{"embeddable":true,"href":"https:\/\/mesquebocatering.cat\/ca\/wp-json\/wp\/v2\/users\/1"}],"replies":[{"embeddable":true,"href":"https:\/\/mesquebocatering.cat\/ca\/wp-json\/wp\/v2\/comments?post=234"}],"version-history":[{"count":5,"href":"https:\/\/mesquebocatering.cat\/ca\/wp-json\/wp\/v2\/pages\/234\/revisions"}],"predecessor-version":[{"id":350,"href":"https:\/\/mesquebocatering.cat\/ca\/wp-json\/wp\/v2\/pages\/234\/revisions\/350"}],"up":[{"embeddable":true,"href":"https:\/\/mesquebocatering.cat\/ca\/wp-json\/wp\/v2\/pages\/231"}],"wp:attachment":[{"href":"https:\/\/mesquebocatering.cat\/ca\/wp-json\/wp\/v2\/media?parent=234"}],"curies":[{"name":"wp","href":"https:\/\/api.w.org\/{rel}","templated":true}]}}