{"id":233,"date":"2018-11-26T11:28:05","date_gmt":"2018-11-26T11:28:05","guid":{"rendered":"https:\/\/mesquebocatering.cat\/?page_id=233"},"modified":"2018-11-29T10:56:34","modified_gmt":"2018-11-29T10:56:34","slug":"escoles","status":"publish","type":"page","link":"https:\/\/mesquebocatering.cat\/ca\/serveis-de-catering\/escoles\/","title":{"rendered":"Escoles"},"content":{"rendered":"\n<style type=\"text\/css\" data-created_by=\"avia_inline_auto\" id=\"style-css-av-joycanrv-6390b5fb380261df5265fee88a127b95\">\n.avia-section.av-joycanrv-6390b5fb380261df5265fee88a127b95{\nbackground-repeat:no-repeat;\nbackground-image:url(https:\/\/mesquebocatering.cat\/wp-content\/uploads\/2018\/11\/colegios-1.jpg);\nbackground-position:50% 100%;\nbackground-attachment:scroll;\nmargin-top:-50px;\n}\n<\/style>\n<div id='av_section_1'  class='avia-section av-joycanrv-6390b5fb380261df5265fee88a127b95 main_color avia-section-default avia-no-border-styling  avia-builder-el-0  el_before_av_section  avia-builder-el-first  avia-bg-style-scroll av-minimum-height av-minimum-height-custom  container_wrap fullsize'  data-section-bg-repeat='no-repeat' data-av_minimum_height_px='663'><div class='container av-section-cont-open' style='height:663px'><main  role=\"main\" itemprop=\"mainContentOfPage\"  class='template-page content  av-content-full alpha units'><div class='post-entry post-entry-type-page post-entry-233'><div class='entry-content-wrapper clearfix'>\n\n<style type=\"text\/css\" data-created_by=\"avia_inline_auto\" id=\"style-css-av-jp2he0k6-4e68cc939238f9bc1a7c9a9878bd8aef\">\n#top .av-special-heading.av-jp2he0k6-4e68cc939238f9bc1a7c9a9878bd8aef{\npadding-bottom:10px;\ncolor:#ffffff;\nfont-size:77px;\n}\nbody .av-special-heading.av-jp2he0k6-4e68cc939238f9bc1a7c9a9878bd8aef .av-special-heading-tag .heading-char{\nfont-size:25px;\n}\n#top #wrap_all .av-special-heading.av-jp2he0k6-4e68cc939238f9bc1a7c9a9878bd8aef .av-special-heading-tag{\nfont-size:77px;\n}\n.av-special-heading.av-jp2he0k6-4e68cc939238f9bc1a7c9a9878bd8aef .special-heading-inner-border{\nborder-color:#ffffff;\n}\n.av-special-heading.av-jp2he0k6-4e68cc939238f9bc1a7c9a9878bd8aef .av-subheading{\nfont-size:15px;\n}\n\n@media only screen and (min-width: 480px) and (max-width: 767px){ \n#top #wrap_all .av-special-heading.av-jp2he0k6-4e68cc939238f9bc1a7c9a9878bd8aef .av-special-heading-tag{\nfont-size:0.8em;\n}\n}\n\n@media only screen and (max-width: 479px){ \n#top #wrap_all .av-special-heading.av-jp2he0k6-4e68cc939238f9bc1a7c9a9878bd8aef .av-special-heading-tag{\nfont-size:0.8em;\n}\n}\n<\/style>\n<div  class='av-special-heading av-jp2he0k6-4e68cc939238f9bc1a7c9a9878bd8aef av-special-heading-h1 custom-color-heading blockquote modern-quote modern-centered  avia-builder-el-1  avia-builder-el-no-sibling  av-inherit-size'><h1 class='av-special-heading-tag'  itemprop=\"headline\"  >Catering a escoles a Tarragona<\/h1><div class=\"special-heading-border\"><div class=\"special-heading-inner-border\"><\/div><\/div><\/div>\n<\/div><\/div><\/main><!-- close content main element --><\/div><\/div><div id='av_section_2'  class='avia-section av-joycanrv-532db28e487969f565ed11e3c97cc6bb main_color avia-section-default avia-no-border-styling  avia-builder-el-2  el_after_av_section  el_before_av_section  avia-bg-style-scroll container_wrap fullsize'  ><div class='container av-section-cont-open' ><div class='template-page content  av-content-full alpha units'><div class='post-entry post-entry-type-page post-entry-233'><div class='entry-content-wrapper clearfix'>\n\n<style type=\"text\/css\" data-created_by=\"avia_inline_auto\" id=\"style-css-av-jp2her9l-783f72d4dbd07d92ae820bb8047ab670\">\n#top .av-special-heading.av-jp2her9l-783f72d4dbd07d92ae820bb8047ab670{\npadding-bottom:70px;\ncolor:#333333;\nfont-size:40px;\n}\nbody .av-special-heading.av-jp2her9l-783f72d4dbd07d92ae820bb8047ab670 .av-special-heading-tag .heading-char{\nfont-size:25px;\n}\n#top #wrap_all .av-special-heading.av-jp2her9l-783f72d4dbd07d92ae820bb8047ab670 .av-special-heading-tag{\nfont-size:40px;\n}\n.av-special-heading.av-jp2her9l-783f72d4dbd07d92ae820bb8047ab670 .special-heading-inner-border{\nborder-color:#333333;\n}\n.av-special-heading.av-jp2her9l-783f72d4dbd07d92ae820bb8047ab670 .av-subheading{\nfont-size:15px;\n}\n\n@media only screen and (min-width: 480px) and (max-width: 767px){ \n#top #wrap_all .av-special-heading.av-jp2her9l-783f72d4dbd07d92ae820bb8047ab670 .av-special-heading-tag{\nfont-size:0.8em;\n}\n}\n\n@media only screen and (max-width: 479px){ \n#top #wrap_all .av-special-heading.av-jp2her9l-783f72d4dbd07d92ae820bb8047ab670 .av-special-heading-tag{\nfont-size:0.8em;\n}\n}\n<\/style>\n<div  class='av-special-heading av-jp2her9l-783f72d4dbd07d92ae820bb8047ab670 av-special-heading-h2 custom-color-heading blockquote modern-quote modern-centered  avia-builder-el-3  el_before_av_masonry_gallery  avia-builder-el-no-sibling  av-thin-font av-inherit-size'><h2 class='av-special-heading-tag'  itemprop=\"headline\"  >Mira <strong>com ho fem<\/strong><\/h2><div class=\"special-heading-border\"><div class=\"special-heading-inner-border\"><\/div><\/div><\/div>\n<div id='av-masonry-1' class='av-masonry av-joyi7271-24b59efaf014e27a519f546dc7bd68d5 noHover av-fixed-size av-large-gap av-hover-overlay- av-masonry-animation- av-masonry-col-3 av-caption-always av-caption-style- av-masonry-gallery ' data-post_id=\"233\"><div class=\"av-masonry-container isotope av-js-disabled\"><div class='av-masonry-entry isotope-item av-masonry-item-no-image '><\/div><div id='av-masonry-1-item-307' data-av-masonry-item='307' class='av-masonry-entry isotope-item post-307 attachment type-attachment status-inherit hentry  av-masonry-item-with-image av-portrait-img'    itemprop=\"thumbnailUrl\" ><div class='av-inner-masonry-sizer'><\/div><figure class='av-inner-masonry main_color'><div class=\"av-masonry-outerimage-container\"><div class='av-masonry-image-container' style=\"background-image: url(https:\/\/mesquebocatering.cat\/wp-content\/uploads\/2018\/11\/servicio-1-338x705.jpg);\"  title=\"servicio-1\"  ><\/div><\/div><\/figure><\/div><!--end av-masonry entry--><div id='av-masonry-1-item-308' data-av-masonry-item='308' class='av-masonry-entry isotope-item post-308 attachment type-attachment status-inherit hentry  av-masonry-item-with-image av-grid-img'    itemprop=\"thumbnailUrl\" ><div class='av-inner-masonry-sizer'><\/div><figure class='av-inner-masonry main_color'><div class=\"av-masonry-outerimage-container\"><div class='av-masonry-image-container' style=\"background-image: url(https:\/\/mesquebocatering.cat\/wp-content\/uploads\/2018\/11\/servicio-2.jpg);\"  title=\"servicio-2\"  ><\/div><\/div><\/figure><\/div><!--end av-masonry entry--><div id='av-masonry-1-item-309' data-av-masonry-item='309' class='av-masonry-entry isotope-item post-309 attachment type-attachment status-inherit hentry  av-masonry-item-with-image av-grid-img'    itemprop=\"thumbnailUrl\" ><div class='av-inner-masonry-sizer'><\/div><figure class='av-inner-masonry main_color'><div class=\"av-masonry-outerimage-container\"><div class='av-masonry-image-container' style=\"background-image: url(https:\/\/mesquebocatering.cat\/wp-content\/uploads\/2018\/11\/servicio-3.jpg);\"  title=\"servicio-3\"  ><\/div><\/div><\/figure><\/div><!--end av-masonry entry--><div id='av-masonry-1-item-310' data-av-masonry-item='310' class='av-masonry-entry isotope-item post-310 attachment type-attachment status-inherit hentry  av-masonry-item-with-image av-landscape-img'    itemprop=\"thumbnailUrl\" ><div class='av-inner-masonry-sizer'><\/div><figure class='av-inner-masonry main_color'><div class=\"av-masonry-outerimage-container\"><div class='av-masonry-image-container' style=\"background-image: url(https:\/\/mesquebocatering.cat\/wp-content\/uploads\/2018\/11\/servicio-4-705x340.jpg);\"  title=\"servicio-4\"  ><\/div><\/div><\/figure><\/div><!--end av-masonry entry--><\/div><\/div>\n<\/div><\/div><\/div><!-- close content main div --><\/div><\/div>\n<style type=\"text\/css\" data-created_by=\"avia_inline_auto\" id=\"style-css-av-joycanrv-28bcee85d679aec18089bb85ddb1cb3c\">\n.avia-section.av-joycanrv-28bcee85d679aec18089bb85ddb1cb3c{\nbackground-repeat:no-repeat;\nbackground-image:url(https:\/\/mesquebocatering.cat\/wp-content\/uploads\/2018\/11\/fondo_servicios.jpg);\nbackground-position:50% 0%;\nbackground-attachment:scroll;\n}\n<\/style>\n<div id='av_section_3'  class='avia-section av-joycanrv-28bcee85d679aec18089bb85ddb1cb3c main_color avia-section-default avia-no-border-styling  avia-builder-el-5  el_after_av_section  avia-builder-el-last  avia-bg-style-scroll container_wrap fullsize'  data-section-bg-repeat='no-repeat'><div class='container av-section-cont-open' ><div class='template-page content  av-content-full alpha units'><div class='post-entry post-entry-type-page post-entry-233'><div class='entry-content-wrapper clearfix'>\n\n<style type=\"text\/css\" data-created_by=\"avia_inline_auto\" id=\"style-css-av-jp2hfpx8-f148ef333c4f2309c38c0bf6c6900a52\">\n#top .av-special-heading.av-jp2hfpx8-f148ef333c4f2309c38c0bf6c6900a52{\npadding-bottom:45px;\ncolor:#333333;\nfont-size:30px;\n}\nbody .av-special-heading.av-jp2hfpx8-f148ef333c4f2309c38c0bf6c6900a52 .av-special-heading-tag .heading-char{\nfont-size:25px;\n}\n#top #wrap_all .av-special-heading.av-jp2hfpx8-f148ef333c4f2309c38c0bf6c6900a52 .av-special-heading-tag{\nfont-size:30px;\n}\n.av-special-heading.av-jp2hfpx8-f148ef333c4f2309c38c0bf6c6900a52 .special-heading-inner-border{\nborder-color:#333333;\n}\n.av-special-heading.av-jp2hfpx8-f148ef333c4f2309c38c0bf6c6900a52 .av-subheading{\nfont-size:15px;\n}\n\n@media only screen and (min-width: 480px) and (max-width: 767px){ \n#top #wrap_all .av-special-heading.av-jp2hfpx8-f148ef333c4f2309c38c0bf6c6900a52 .av-special-heading-tag{\nfont-size:0.8em;\n}\n}\n\n@media only screen and (max-width: 479px){ \n#top #wrap_all .av-special-heading.av-jp2hfpx8-f148ef333c4f2309c38c0bf6c6900a52 .av-special-heading-tag{\nfont-size:0.8em;\n}\n}\n<\/style>\n<div  class='av-special-heading av-jp2hfpx8-f148ef333c4f2309c38c0bf6c6900a52 av-special-heading-h3 custom-color-heading blockquote modern-quote modern-centered  avia-builder-el-6  el_before_av_one_fifth  avia-builder-el-first  av-thin-font av-inherit-size'><h3 class='av-special-heading-tag'  itemprop=\"headline\"  >La teva empresa de <strong>c\u00e0tering per a escoles<\/strong> a Tarragona<\/h3><div class=\"special-heading-border\"><div class=\"special-heading-inner-border\"><\/div><\/div><\/div>\n\n<style type=\"text\/css\" data-created_by=\"avia_inline_auto\" id=\"style-css-av-joydaqtt-53b82c7fc719e72982caf08023f72acd\">\n.flex_column.av-joydaqtt-53b82c7fc719e72982caf08023f72acd{\n-webkit-border-radius:0px 0px 0px 0px;\n-moz-border-radius:0px 0px 0px 0px;\nborder-radius:0px 0px 0px 0px;\npadding:0px 0px 0px 0px;\n}\n<\/style>\n<div class='flex_column av-joydaqtt-53b82c7fc719e72982caf08023f72acd av_one_fifth  avia-builder-el-7  el_after_av_heading  el_before_av_three_fifth  first flex_column_div av-zero-column-padding '     ><\/div>\n<style type=\"text\/css\" data-created_by=\"avia_inline_auto\" id=\"style-css-av-joydaqtt-efcfb7e15a4795c0101150c93f322e49\">\n.flex_column.av-joydaqtt-efcfb7e15a4795c0101150c93f322e49{\n-webkit-border-radius:0px 0px 0px 0px;\n-moz-border-radius:0px 0px 0px 0px;\nborder-radius:0px 0px 0px 0px;\npadding:0px 0px 0px 0px;\n}\n<\/style>\n<div class='flex_column av-joydaqtt-efcfb7e15a4795c0101150c93f322e49 av_three_fifth  avia-builder-el-8  el_after_av_one_fifth  el_before_av_one_fifth  flex_column_div av-zero-column-padding '     ><p><section  class='av_textblock_section av-joydmhbn-462bb9b7a20facef47998c8cc1ef360e'  itemscope=\"itemscope\" itemtype=\"https:\/\/schema.org\/CreativeWork\" ><div class='avia_textblock'  itemprop=\"text\" ><p>Dins dels serveis que tamb\u00e9 oferim a <strong>M\u00e9s que bo catering<\/strong> hi ha la gesti\u00f3 de menjadors escolars. Per a nosaltres, l&#8217;atenci\u00f3 aliment\u00e0ria per als m\u00e9s petits \u00e9s fonamental. D&#8217;aqu\u00ed, que posem a la teva disposici\u00f3 un servei de qualitat per a l&#8217;atenci\u00f3 del menjador escolar amb una cuina rica en aliments frescos i producte de proximitat. <strong>Aut\u00e8ntica menjar casol\u00e0 per a escoles cada dia.<\/strong><\/p>\n<p>Es tracta d&#8217;un servei de c\u00e0tering per a escoles, col\u00b7legis, menjadors socials, instituts de la prov\u00edncia de Tarragona basat en la cuina sana i equilibrada. Una dieta amb gran valor nutricional i un seguit de men\u00fas que s&#8217;encarrega d&#8217;elaborar la nostra dietista professional. Una dietista i nutricionistes que s&#8217;encarreguen de crear els men\u00fas per evitar qualsevol tipus d&#8217;intoler\u00e0ncia i al\u00b7l\u00e8rgia, mantenint el bon gust i la varietat en l&#8217;alimentaci\u00f3 nutricional.<\/p>\n<p>Tot aix\u00f2, per aconseguir que tots els nens, alumnes de col\u00b7legi i col\u00b7lectivitats tinguin l&#8217;energia suficient i els nutrients necessaris d&#8217;un menjar sa di\u00e0riament. Per a aix\u00f2, disposem d&#8217;una cuina central per distribuir tots aquests men\u00fas. Tamb\u00e9 gestionem cuines dins dels propis centres i escoles.<\/p>\n<p><strong>Preparaci\u00f3 de men\u00fas per a col\u00b7legis<\/strong><\/p>\n<p>Una educaci\u00f3 en el valor nutricional i el bon gust dels productes i ingredients m\u00e9s frescos de la zona. Fem de l&#8217;alimentaci\u00f3 la il\u00b7lusi\u00f3 i l&#8217;aprenentatge de con\u00e8ixer nous sabors, textures i experi\u00e8ncies per als nens. Una manera de respectar i aconseguir uns bons h\u00e0bits durant els \u00e0pats. En part, per tota la feina del nostre equip de monitors<\/p>\n<p>Uns monitors especialitzats en l&#8217;espai de temps lliure de les escoles i que s&#8217;encarreguen tant d&#8217;educar en base la bona alimentaci\u00f3 i fer que els nens es preocupin per portar una dieta sana, aix\u00ed com de fomentar la companyonia, i l&#8217;amistat empatia en el dia a dia, amb un servei de menjador d&#8217;all\u00f2 m\u00e9s professional.<\/p>\n<p>Som especialistes en oferir un servei integral de menjadors en col\u00b7legis, centres d&#8217;estiu, col\u00f2nies, excursions o sortides extra escolars. Tria gust i bona alimentaci\u00f3 amb el nostre servei d&#8217;\u00e0pats per a col\u00b7legis.<\/p>\n<\/div><\/section><br \/>\n\n<style type=\"text\/css\" data-created_by=\"avia_inline_auto\" id=\"style-css-av-jozr9km4-2249b77197b77c860658bf184d3f152e\">\n#top .hr.hr-invisible.av-jozr9km4-2249b77197b77c860658bf184d3f152e{\nheight:60px;\n}\n<\/style>\n<div  class='hr av-jozr9km4-2249b77197b77c860658bf184d3f152e hr-invisible  avia-builder-el-10  el_after_av_textblock  el_before_av_contact '><span class='hr-inner '><span class=\"hr-inner-style\"><\/span><\/span><\/div><br \/>\n<form action=\"https:\/\/mesquebocatering.cat\/ca\/serveis-de-catering\/escoles\/\" method=\"post\"  class=\"avia_ajax_form av-form-labels-visible   avia-builder-el-11  el_after_av_hr  avia-builder-el-last  cta-formulario av-centered-form  av-custom-form-color av-dark-form \" data-avia-form-id=\"1\" data-avia-redirect='' ><h3 class=''>Sol\u00b7licita un pressupost personalitzat<\/h3><fieldset><p class='  first_form  form_element form_fullwidth' id='element_avia_1_1'><label for=\"avia_1_1\">Nom <abbr class=\"required\" title=\"obligatori\">*<\/abbr><\/label> <input name=\"avia_1_1\" class=\"text_input is_empty\" type=\"text\" id=\"avia_1_1\" value=\"\" \/><\/p><p class='  first_form  form_element form_fullwidth' id='element_avia_2_1'><label for=\"avia_2_1\">Tel\u00e8fon <abbr class=\"required\" title=\"obligatori\">*<\/abbr><\/label> <input name=\"avia_2_1\" class=\"text_input is_phone\" type=\"text\" id=\"avia_2_1\" value=\"\" \/><\/p><p class='  first_form  form_element form_fullwidth' id='element_avia_3_1'><label for=\"avia_3_1\">Correu electr\u00f2nic <abbr class=\"required\" title=\"obligatori\">*<\/abbr><\/label> <input name=\"avia_3_1\" class=\"text_input is_email\" type=\"text\" id=\"avia_3_1\" value=\"\" \/><\/p><p class='  first_form  form_element form_fullwidth' id='element_avia_4_1'><label for=\"avia_4_1\" class=\"textare_label hidden textare_label_avia_4_1\">Missatge <abbr class=\"required\" title=\"obligatori\">*<\/abbr><\/label><textarea  name=\"avia_4_1\" class=\"text_area is_empty\" cols=\"40\" rows=\"7\" id=\"avia_4_1\" ><\/textarea><\/p><p class=\"hidden\"><input type=\"text\" name=\"avia_5_1\" class=\"hidden \" id=\"avia_5_1\" value=\"\" \/><\/p><p class=' av_form_privacy_check av_contact_privacy_check first_form  form_element form_fullwidth' id='element_avia_6_1'><input  name=\"avia_6_1\" class=\"input_checkbox is_empty\" type=\"checkbox\" id=\"avia_6_1\" value=\"true\"\/><label class=\"input_checkbox_label\" for=\"avia_6_1\">Accepto els termes i condicions de <a href='https:\/\/mesquebocatering.cat\/ca\/avis-legal\/' target='_blank'>l'av\u00eds legal<\/a> <abbr class=\"required\" title=\"obligatori\">*<\/abbr><\/label><\/p><p class=\"form_element \"><input type=\"hidden\" value=\"1\" name=\"avia_generated_form1\" \/><input type=\"submit\" value=\"ENVIAR\" class=\"button\"  data-sending-label=\"Enviant\"\/><\/p><\/fieldset><\/form><div id=\"ajaxresponse_1\" class=\"ajaxresponse ajaxresponse_1 hidden\"><\/div><\/p><\/div>\n<style type=\"text\/css\" data-created_by=\"avia_inline_auto\" id=\"style-css-av-joydaqtt-efcfb7e15a4795c0101150c93f322e49\">\n.flex_column.av-joydaqtt-efcfb7e15a4795c0101150c93f322e49{\n-webkit-border-radius:0px 0px 0px 0px;\n-moz-border-radius:0px 0px 0px 0px;\nborder-radius:0px 0px 0px 0px;\npadding:0px 0px 0px 0px;\n}\n<\/style>\n<div class='flex_column av-joydaqtt-efcfb7e15a4795c0101150c93f322e49 av_one_fifth  avia-builder-el-12  el_after_av_three_fifth  avia-builder-el-last  flex_column_div av-zero-column-padding '     ><\/div><\/p>\n","protected":false},"excerpt":{"rendered":"","protected":false},"author":1,"featured_media":0,"parent":231,"menu_order":0,"comment_status":"closed","ping_status":"closed","template":"","meta":{"footnotes":""},"class_list":["post-233","page","type-page","status-publish","hentry"],"yoast_head":"<!-- This site is optimized with the Yoast SEO plugin v27.5 - https:\/\/yoast.com\/product\/yoast-seo-wordpress\/ -->\n<title>Escoles - Empresa de Catering en Tarragona - Mes Que B\u00f3<\/title>\n<meta name=\"robots\" content=\"index, follow, max-snippet:-1, max-image-preview:large, max-video-preview:-1\" \/>\n<link rel=\"canonical\" href=\"https:\/\/mesquebocatering.cat\/ca\/serveis-de-catering\/escoles\/\" \/>\n<meta property=\"og:locale\" content=\"ca_ES\" \/>\n<meta property=\"og:type\" content=\"article\" \/>\n<meta property=\"og:title\" content=\"Escoles - Empresa de Catering en Tarragona - Mes Que B\u00f3\" \/>\n<meta property=\"og:url\" content=\"https:\/\/mesquebocatering.cat\/ca\/serveis-de-catering\/escoles\/\" \/>\n<meta property=\"og:site_name\" content=\"Empresa de Catering en Tarragona - Mes Que B\u00f3\" \/>\n<meta property=\"article:modified_time\" content=\"2018-11-29T10:56:34+00:00\" \/>\n<meta name=\"twitter:card\" content=\"summary_large_image\" \/>\n<meta name=\"twitter:label1\" content=\"Temps estimat de lectura\" \/>\n\t<meta name=\"twitter:data1\" content=\"8 minuts\" \/>\n<script type=\"application\/ld+json\" class=\"yoast-schema-graph\">{\"@context\":\"https:\\\/\\\/schema.org\",\"@graph\":[{\"@type\":\"WebPage\",\"@id\":\"https:\\\/\\\/mesquebocatering.cat\\\/ca\\\/serveis-de-catering\\\/escoles\\\/\",\"url\":\"https:\\\/\\\/mesquebocatering.cat\\\/ca\\\/serveis-de-catering\\\/escoles\\\/\",\"name\":\"Escoles - Empresa de Catering en Tarragona - Mes Que B\u00f3\",\"isPartOf\":{\"@id\":\"https:\\\/\\\/mesquebocatering.cat\\\/#website\"},\"datePublished\":\"2018-11-26T11:28:05+00:00\",\"dateModified\":\"2018-11-29T10:56:34+00:00\",\"breadcrumb\":{\"@id\":\"https:\\\/\\\/mesquebocatering.cat\\\/ca\\\/serveis-de-catering\\\/escoles\\\/#breadcrumb\"},\"inLanguage\":\"ca\",\"potentialAction\":[{\"@type\":\"ReadAction\",\"target\":[\"https:\\\/\\\/mesquebocatering.cat\\\/ca\\\/serveis-de-catering\\\/escoles\\\/\"]}]},{\"@type\":\"BreadcrumbList\",\"@id\":\"https:\\\/\\\/mesquebocatering.cat\\\/ca\\\/serveis-de-catering\\\/escoles\\\/#breadcrumb\",\"itemListElement\":[{\"@type\":\"ListItem\",\"position\":1,\"name\":\"Portada\",\"item\":\"https:\\\/\\\/mesquebocatering.cat\\\/ca\\\/\"},{\"@type\":\"ListItem\",\"position\":2,\"name\":\"Serveis de c\u00e0tering\",\"item\":\"https:\\\/\\\/mesquebocatering.cat\\\/ca\\\/serveis-de-catering\\\/\"},{\"@type\":\"ListItem\",\"position\":3,\"name\":\"Escoles\"}]},{\"@type\":\"WebSite\",\"@id\":\"https:\\\/\\\/mesquebocatering.cat\\\/#website\",\"url\":\"https:\\\/\\\/mesquebocatering.cat\\\/\",\"name\":\"Empresa de Catering en Tarragona - Mes Que B\u00f3\",\"description\":\"Empresa de Catering en Tarragona y Reus\",\"publisher\":{\"@id\":\"https:\\\/\\\/mesquebocatering.cat\\\/#organization\"},\"potentialAction\":[{\"@type\":\"SearchAction\",\"target\":{\"@type\":\"EntryPoint\",\"urlTemplate\":\"https:\\\/\\\/mesquebocatering.cat\\\/?s={search_term_string}\"},\"query-input\":{\"@type\":\"PropertyValueSpecification\",\"valueRequired\":true,\"valueName\":\"search_term_string\"}}],\"inLanguage\":\"ca\"},{\"@type\":\"Organization\",\"@id\":\"https:\\\/\\\/mesquebocatering.cat\\\/#organization\",\"name\":\"Mes Que B\u00f3 Catering\",\"url\":\"https:\\\/\\\/mesquebocatering.cat\\\/\",\"logo\":{\"@type\":\"ImageObject\",\"inLanguage\":\"ca\",\"@id\":\"https:\\\/\\\/mesquebocatering.cat\\\/#\\\/schema\\\/logo\\\/image\\\/\",\"url\":\"https:\\\/\\\/mesquebocatering.cat\\\/wp-content\\\/uploads\\\/2018\\\/11\\\/logo_footer.png\",\"contentUrl\":\"https:\\\/\\\/mesquebocatering.cat\\\/wp-content\\\/uploads\\\/2018\\\/11\\\/logo_footer.png\",\"width\":178,\"height\":178,\"caption\":\"Mes Que B\u00f3 Catering\"},\"image\":{\"@id\":\"https:\\\/\\\/mesquebocatering.cat\\\/#\\\/schema\\\/logo\\\/image\\\/\"}}]}<\/script>\n<!-- \/ Yoast SEO plugin. -->","yoast_head_json":{"title":"Escoles - Empresa de Catering en Tarragona - Mes Que B\u00f3","robots":{"index":"index","follow":"follow","max-snippet":"max-snippet:-1","max-image-preview":"max-image-preview:large","max-video-preview":"max-video-preview:-1"},"canonical":"https:\/\/mesquebocatering.cat\/ca\/serveis-de-catering\/escoles\/","og_locale":"ca_ES","og_type":"article","og_title":"Escoles - Empresa de Catering en Tarragona - Mes Que B\u00f3","og_url":"https:\/\/mesquebocatering.cat\/ca\/serveis-de-catering\/escoles\/","og_site_name":"Empresa de Catering en Tarragona - Mes Que B\u00f3","article_modified_time":"2018-11-29T10:56:34+00:00","twitter_card":"summary_large_image","twitter_misc":{"Temps estimat de lectura":"8 minuts"},"schema":{"@context":"https:\/\/schema.org","@graph":[{"@type":"WebPage","@id":"https:\/\/mesquebocatering.cat\/ca\/serveis-de-catering\/escoles\/","url":"https:\/\/mesquebocatering.cat\/ca\/serveis-de-catering\/escoles\/","name":"Escoles - Empresa de Catering en Tarragona - Mes Que B\u00f3","isPartOf":{"@id":"https:\/\/mesquebocatering.cat\/#website"},"datePublished":"2018-11-26T11:28:05+00:00","dateModified":"2018-11-29T10:56:34+00:00","breadcrumb":{"@id":"https:\/\/mesquebocatering.cat\/ca\/serveis-de-catering\/escoles\/#breadcrumb"},"inLanguage":"ca","potentialAction":[{"@type":"ReadAction","target":["https:\/\/mesquebocatering.cat\/ca\/serveis-de-catering\/escoles\/"]}]},{"@type":"BreadcrumbList","@id":"https:\/\/mesquebocatering.cat\/ca\/serveis-de-catering\/escoles\/#breadcrumb","itemListElement":[{"@type":"ListItem","position":1,"name":"Portada","item":"https:\/\/mesquebocatering.cat\/ca\/"},{"@type":"ListItem","position":2,"name":"Serveis de c\u00e0tering","item":"https:\/\/mesquebocatering.cat\/ca\/serveis-de-catering\/"},{"@type":"ListItem","position":3,"name":"Escoles"}]},{"@type":"WebSite","@id":"https:\/\/mesquebocatering.cat\/#website","url":"https:\/\/mesquebocatering.cat\/","name":"Empresa de Catering en Tarragona - Mes Que B\u00f3","description":"Empresa de Catering en Tarragona y Reus","publisher":{"@id":"https:\/\/mesquebocatering.cat\/#organization"},"potentialAction":[{"@type":"SearchAction","target":{"@type":"EntryPoint","urlTemplate":"https:\/\/mesquebocatering.cat\/?s={search_term_string}"},"query-input":{"@type":"PropertyValueSpecification","valueRequired":true,"valueName":"search_term_string"}}],"inLanguage":"ca"},{"@type":"Organization","@id":"https:\/\/mesquebocatering.cat\/#organization","name":"Mes Que B\u00f3 Catering","url":"https:\/\/mesquebocatering.cat\/","logo":{"@type":"ImageObject","inLanguage":"ca","@id":"https:\/\/mesquebocatering.cat\/#\/schema\/logo\/image\/","url":"https:\/\/mesquebocatering.cat\/wp-content\/uploads\/2018\/11\/logo_footer.png","contentUrl":"https:\/\/mesquebocatering.cat\/wp-content\/uploads\/2018\/11\/logo_footer.png","width":178,"height":178,"caption":"Mes Que B\u00f3 Catering"},"image":{"@id":"https:\/\/mesquebocatering.cat\/#\/schema\/logo\/image\/"}}]}},"_links":{"self":[{"href":"https:\/\/mesquebocatering.cat\/ca\/wp-json\/wp\/v2\/pages\/233","targetHints":{"allow":["GET"]}}],"collection":[{"href":"https:\/\/mesquebocatering.cat\/ca\/wp-json\/wp\/v2\/pages"}],"about":[{"href":"https:\/\/mesquebocatering.cat\/ca\/wp-json\/wp\/v2\/types\/page"}],"author":[{"embeddable":true,"href":"https:\/\/mesquebocatering.cat\/ca\/wp-json\/wp\/v2\/users\/1"}],"replies":[{"embeddable":true,"href":"https:\/\/mesquebocatering.cat\/ca\/wp-json\/wp\/v2\/comments?post=233"}],"version-history":[{"count":7,"href":"https:\/\/mesquebocatering.cat\/ca\/wp-json\/wp\/v2\/pages\/233\/revisions"}],"predecessor-version":[{"id":349,"href":"https:\/\/mesquebocatering.cat\/ca\/wp-json\/wp\/v2\/pages\/233\/revisions\/349"}],"up":[{"embeddable":true,"href":"https:\/\/mesquebocatering.cat\/ca\/wp-json\/wp\/v2\/pages\/231"}],"wp:attachment":[{"href":"https:\/\/mesquebocatering.cat\/ca\/wp-json\/wp\/v2\/media?parent=233"}],"curies":[{"name":"wp","href":"https:\/\/api.w.org\/{rel}","templated":true}]}}