{"id":230,"date":"2018-11-26T11:25:19","date_gmt":"2018-11-26T11:25:19","guid":{"rendered":"https:\/\/mesquebocatering.cat\/?page_id=230"},"modified":"2018-11-28T19:08:54","modified_gmt":"2018-11-28T19:08:54","slug":"qui-som","status":"publish","type":"page","link":"https:\/\/mesquebocatering.cat\/ca\/qui-som\/","title":{"rendered":"Qui\u00b7som"},"content":{"rendered":"\n<style type=\"text\/css\" data-created_by=\"avia_inline_auto\" id=\"style-css-av-joycanrv-df42abc9b113d8abeb08b8884593f943\">\n.avia-section.av-joycanrv-df42abc9b113d8abeb08b8884593f943{\nbackground-repeat:no-repeat;\nbackground-image:url(https:\/\/mesquebocatering.cat\/wp-content\/uploads\/2018\/11\/nosotros_mes_que_bo.jpg);\nbackground-position:50% 100%;\nbackground-attachment:scroll;\nmargin-top:-50px;\n}\n<\/style>\n<div id='av_section_1'  class='avia-section av-joycanrv-df42abc9b113d8abeb08b8884593f943 main_color avia-section-default avia-no-border-styling  avia-builder-el-0  el_before_av_section  avia-builder-el-first  avia-bg-style-scroll av-minimum-height av-minimum-height-custom  container_wrap fullsize'  data-section-bg-repeat='no-repeat' data-av_minimum_height_px='663'><div class='container av-section-cont-open' style='height:663px'><main  role=\"main\" itemprop=\"mainContentOfPage\"  class='template-page content  av-content-full alpha units'><div class='post-entry post-entry-type-page post-entry-230'><div class='entry-content-wrapper clearfix'>\n\n<style type=\"text\/css\" data-created_by=\"avia_inline_auto\" id=\"style-css-av-jp1jmrox-611df6fb3ecfdf7f3383bec12420c7ff\">\n#top .av-special-heading.av-jp1jmrox-611df6fb3ecfdf7f3383bec12420c7ff{\npadding-bottom:10px;\ncolor:#ffffff;\nfont-size:77px;\n}\nbody .av-special-heading.av-jp1jmrox-611df6fb3ecfdf7f3383bec12420c7ff .av-special-heading-tag .heading-char{\nfont-size:25px;\n}\n#top #wrap_all .av-special-heading.av-jp1jmrox-611df6fb3ecfdf7f3383bec12420c7ff .av-special-heading-tag{\nfont-size:77px;\n}\n.av-special-heading.av-jp1jmrox-611df6fb3ecfdf7f3383bec12420c7ff .special-heading-inner-border{\nborder-color:#ffffff;\n}\n.av-special-heading.av-jp1jmrox-611df6fb3ecfdf7f3383bec12420c7ff .av-subheading{\nfont-size:15px;\n}\n\n@media only screen and (min-width: 480px) and (max-width: 767px){ \n#top #wrap_all .av-special-heading.av-jp1jmrox-611df6fb3ecfdf7f3383bec12420c7ff .av-special-heading-tag{\nfont-size:0.8em;\n}\n}\n\n@media only screen and (max-width: 479px){ \n#top #wrap_all .av-special-heading.av-jp1jmrox-611df6fb3ecfdf7f3383bec12420c7ff .av-special-heading-tag{\nfont-size:0.8em;\n}\n}\n<\/style>\n<div  class='av-special-heading av-jp1jmrox-611df6fb3ecfdf7f3383bec12420c7ff av-special-heading-h1 custom-color-heading blockquote modern-quote modern-centered  avia-builder-el-1  avia-builder-el-no-sibling  av-inherit-size'><h1 class='av-special-heading-tag'  itemprop=\"headline\"  >Qui\u00b7som<\/h1><div class=\"special-heading-border\"><div class=\"special-heading-inner-border\"><\/div><\/div><\/div>\n<\/div><\/div><\/main><!-- close content main element --><\/div><\/div>\n<style type=\"text\/css\" data-created_by=\"avia_inline_auto\" id=\"style-css-av-joycanrv-28bcee85d679aec18089bb85ddb1cb3c\">\n.avia-section.av-joycanrv-28bcee85d679aec18089bb85ddb1cb3c{\nbackground-repeat:no-repeat;\nbackground-image:url(https:\/\/mesquebocatering.cat\/wp-content\/uploads\/2018\/11\/fondo_servicios.jpg);\nbackground-position:50% 0%;\nbackground-attachment:scroll;\n}\n<\/style>\n<div id='av_section_2'  class='avia-section av-joycanrv-28bcee85d679aec18089bb85ddb1cb3c main_color avia-section-default avia-no-border-styling  avia-builder-el-2  el_after_av_section  avia-builder-el-last  avia-bg-style-scroll container_wrap fullsize'  data-section-bg-repeat='no-repeat'><div class='container av-section-cont-open' ><div class='template-page content  av-content-full alpha units'><div class='post-entry post-entry-type-page post-entry-230'><div class='entry-content-wrapper clearfix'>\n\n<style type=\"text\/css\" data-created_by=\"avia_inline_auto\" id=\"style-css-av-av_heading-d7541b9ce06fa326c06a78764aecba34\">\n#top .av-special-heading.av-av_heading-d7541b9ce06fa326c06a78764aecba34{\npadding-bottom:45px;\ncolor:#333333;\nfont-size:30px;\n}\nbody .av-special-heading.av-av_heading-d7541b9ce06fa326c06a78764aecba34 .av-special-heading-tag .heading-char{\nfont-size:25px;\n}\n#top #wrap_all .av-special-heading.av-av_heading-d7541b9ce06fa326c06a78764aecba34 .av-special-heading-tag{\nfont-size:30px;\n}\n.av-special-heading.av-av_heading-d7541b9ce06fa326c06a78764aecba34 .special-heading-inner-border{\nborder-color:#333333;\n}\n.av-special-heading.av-av_heading-d7541b9ce06fa326c06a78764aecba34 .av-subheading{\nfont-size:15px;\n}\n\n@media only screen and (min-width: 480px) and (max-width: 767px){ \n#top #wrap_all .av-special-heading.av-av_heading-d7541b9ce06fa326c06a78764aecba34 .av-special-heading-tag{\nfont-size:0.8em;\n}\n}\n\n@media only screen and (max-width: 479px){ \n#top #wrap_all .av-special-heading.av-av_heading-d7541b9ce06fa326c06a78764aecba34 .av-special-heading-tag{\nfont-size:0.8em;\n}\n}\n<\/style>\n<div  class='av-special-heading av-av_heading-d7541b9ce06fa326c06a78764aecba34 av-special-heading-h3 custom-color-heading blockquote modern-quote modern-centered  avia-builder-el-3  el_before_av_one_fifth  avia-builder-el-first  av-thin-font av-inherit-size'><h3 class='av-special-heading-tag'  itemprop=\"headline\"  >Sobre <strong>M\u00e9s que bo<\/strong><\/h3><div class=\"special-heading-border\"><div class=\"special-heading-inner-border\"><\/div><\/div><\/div>\n\n<style type=\"text\/css\" data-created_by=\"avia_inline_auto\" id=\"style-css-av-joydaqtt-53b82c7fc719e72982caf08023f72acd\">\n.flex_column.av-joydaqtt-53b82c7fc719e72982caf08023f72acd{\n-webkit-border-radius:0px 0px 0px 0px;\n-moz-border-radius:0px 0px 0px 0px;\nborder-radius:0px 0px 0px 0px;\npadding:0px 0px 0px 0px;\n}\n<\/style>\n<div class='flex_column av-joydaqtt-53b82c7fc719e72982caf08023f72acd av_one_fifth  avia-builder-el-4  el_after_av_heading  el_before_av_three_fifth  first flex_column_div av-zero-column-padding '     ><\/div>\n<style type=\"text\/css\" data-created_by=\"avia_inline_auto\" id=\"style-css-av-joydaqtt-efcfb7e15a4795c0101150c93f322e49\">\n.flex_column.av-joydaqtt-efcfb7e15a4795c0101150c93f322e49{\n-webkit-border-radius:0px 0px 0px 0px;\n-moz-border-radius:0px 0px 0px 0px;\nborder-radius:0px 0px 0px 0px;\npadding:0px 0px 0px 0px;\n}\n<\/style>\n<div class='flex_column av-joydaqtt-efcfb7e15a4795c0101150c93f322e49 av_three_fifth  avia-builder-el-5  el_after_av_one_fifth  el_before_av_one_fifth  flex_column_div av-zero-column-padding '     ><section  class='av_textblock_section av-joydmhbn-462bb9b7a20facef47998c8cc1ef360e'  itemscope=\"itemscope\" itemtype=\"https:\/\/schema.org\/CreativeWork\" ><div class='avia_textblock'  itemprop=\"text\" ><p><strong>M\u00e9s que bo<\/strong> som una empresa especialitzada en la cuina per a congressos, empreses, col\u00b7legis, resid\u00e8ncies i qualsevol esdeveniment que es celebri a la prov\u00edncia de Tarragona. El nostre servei de c\u00e0tering est\u00e0 preparat per garantir la major qualitat en el servei que oferim. Ens encarreguem de tot el men\u00fa, l&#8217;organitzaci\u00f3, la planificaci\u00f3 i la gesti\u00f3 integral de l&#8217;acte o celebraci\u00f3 que requereixi d&#8217;un servei de c\u00e0tering a la prov\u00edncia de Tarragona.<\/p>\n<p>Comptem amb anys d&#8217;experi\u00e8ncia en aquest sector on el nostre comprom\u00eds per la creativitat, la innovaci\u00f3 i per la qualitat del servei \u00e9s el que vam demostrar cada dia en tots els serveis que realitzem. Acumulem banquets i la satisfacci\u00f3 de la gent que ha gaudit del nostre servei.<\/p>\n<p>En M\u00e9s que bo som una gran fam\u00edlia amb un objectiu, el d&#8217;aconseguir que estigui tot al teu gust. Per aix\u00f2 oferim una variada selecci\u00f3 de plats i disposem d&#8217;una gran varietat de serveis entre els quals pots triar perqu\u00e8 no tinguis de qu\u00e8 preocupar-te.<\/p>\n<p>Com negoci, tenim una \u00e0mplia traject\u00f2ria en el m\u00f3n de l&#8217;hostaleria i aix\u00f2 ha perm\u00e8s que cada any puguem innovar i proposar noves creacions i dissenys per a qualsevol esdeveniment que tingui lloc.<\/p>\n<p>Servei de primera qualitat, elegant, cura i pensat sempre en les teves necessitats. Som una empresa referent i diferent.<\/p>\n<\/div><\/section><\/div>\n<style type=\"text\/css\" data-created_by=\"avia_inline_auto\" id=\"style-css-av-joydaqtt-efcfb7e15a4795c0101150c93f322e49\">\n.flex_column.av-joydaqtt-efcfb7e15a4795c0101150c93f322e49{\n-webkit-border-radius:0px 0px 0px 0px;\n-moz-border-radius:0px 0px 0px 0px;\nborder-radius:0px 0px 0px 0px;\npadding:0px 0px 0px 0px;\n}\n<\/style>\n<div class='flex_column av-joydaqtt-efcfb7e15a4795c0101150c93f322e49 av_one_fifth  avia-builder-el-7  el_after_av_three_fifth  avia-builder-el-last  flex_column_div av-zero-column-padding '     ><\/div><\/p>\n","protected":false},"excerpt":{"rendered":"","protected":false},"author":1,"featured_media":0,"parent":0,"menu_order":0,"comment_status":"closed","ping_status":"closed","template":"","meta":{"footnotes":""},"class_list":["post-230","page","type-page","status-publish","hentry"],"yoast_head":"<!-- This site is optimized with the Yoast SEO plugin v27.5 - https:\/\/yoast.com\/product\/yoast-seo-wordpress\/ -->\n<title>Qui\u00b7som - Empresa de Catering en Tarragona - Mes Que B\u00f3<\/title>\n<meta name=\"robots\" content=\"index, follow, max-snippet:-1, max-image-preview:large, max-video-preview:-1\" \/>\n<link rel=\"canonical\" href=\"https:\/\/mesquebocatering.cat\/ca\/qui-som\/\" \/>\n<meta property=\"og:locale\" content=\"ca_ES\" \/>\n<meta property=\"og:type\" content=\"article\" \/>\n<meta property=\"og:title\" content=\"Qui\u00b7som - Empresa de Catering en Tarragona - Mes Que B\u00f3\" \/>\n<meta property=\"og:url\" content=\"https:\/\/mesquebocatering.cat\/ca\/qui-som\/\" \/>\n<meta property=\"og:site_name\" content=\"Empresa de Catering en Tarragona - Mes Que B\u00f3\" \/>\n<meta property=\"article:modified_time\" content=\"2018-11-28T19:08:54+00:00\" \/>\n<meta name=\"twitter:card\" content=\"summary_large_image\" \/>\n<meta name=\"twitter:label1\" content=\"Temps estimat de lectura\" \/>\n\t<meta name=\"twitter:data1\" content=\"5 minuts\" \/>\n<script type=\"application\/ld+json\" class=\"yoast-schema-graph\">{\"@context\":\"https:\\\/\\\/schema.org\",\"@graph\":[{\"@type\":\"WebPage\",\"@id\":\"https:\\\/\\\/mesquebocatering.cat\\\/ca\\\/qui-som\\\/\",\"url\":\"https:\\\/\\\/mesquebocatering.cat\\\/ca\\\/qui-som\\\/\",\"name\":\"Qui\u00b7som - Empresa de Catering en Tarragona - Mes Que B\u00f3\",\"isPartOf\":{\"@id\":\"https:\\\/\\\/mesquebocatering.cat\\\/#website\"},\"datePublished\":\"2018-11-26T11:25:19+00:00\",\"dateModified\":\"2018-11-28T19:08:54+00:00\",\"breadcrumb\":{\"@id\":\"https:\\\/\\\/mesquebocatering.cat\\\/ca\\\/qui-som\\\/#breadcrumb\"},\"inLanguage\":\"ca\",\"potentialAction\":[{\"@type\":\"ReadAction\",\"target\":[\"https:\\\/\\\/mesquebocatering.cat\\\/ca\\\/qui-som\\\/\"]}]},{\"@type\":\"BreadcrumbList\",\"@id\":\"https:\\\/\\\/mesquebocatering.cat\\\/ca\\\/qui-som\\\/#breadcrumb\",\"itemListElement\":[{\"@type\":\"ListItem\",\"position\":1,\"name\":\"Portada\",\"item\":\"https:\\\/\\\/mesquebocatering.cat\\\/ca\\\/\"},{\"@type\":\"ListItem\",\"position\":2,\"name\":\"Qui\u00b7som\"}]},{\"@type\":\"WebSite\",\"@id\":\"https:\\\/\\\/mesquebocatering.cat\\\/#website\",\"url\":\"https:\\\/\\\/mesquebocatering.cat\\\/\",\"name\":\"Empresa de Catering en Tarragona - Mes Que B\u00f3\",\"description\":\"Empresa de Catering en Tarragona y Reus\",\"publisher\":{\"@id\":\"https:\\\/\\\/mesquebocatering.cat\\\/#organization\"},\"potentialAction\":[{\"@type\":\"SearchAction\",\"target\":{\"@type\":\"EntryPoint\",\"urlTemplate\":\"https:\\\/\\\/mesquebocatering.cat\\\/?s={search_term_string}\"},\"query-input\":{\"@type\":\"PropertyValueSpecification\",\"valueRequired\":true,\"valueName\":\"search_term_string\"}}],\"inLanguage\":\"ca\"},{\"@type\":\"Organization\",\"@id\":\"https:\\\/\\\/mesquebocatering.cat\\\/#organization\",\"name\":\"Mes Que B\u00f3 Catering\",\"url\":\"https:\\\/\\\/mesquebocatering.cat\\\/\",\"logo\":{\"@type\":\"ImageObject\",\"inLanguage\":\"ca\",\"@id\":\"https:\\\/\\\/mesquebocatering.cat\\\/#\\\/schema\\\/logo\\\/image\\\/\",\"url\":\"https:\\\/\\\/mesquebocatering.cat\\\/wp-content\\\/uploads\\\/2018\\\/11\\\/logo_footer.png\",\"contentUrl\":\"https:\\\/\\\/mesquebocatering.cat\\\/wp-content\\\/uploads\\\/2018\\\/11\\\/logo_footer.png\",\"width\":178,\"height\":178,\"caption\":\"Mes Que B\u00f3 Catering\"},\"image\":{\"@id\":\"https:\\\/\\\/mesquebocatering.cat\\\/#\\\/schema\\\/logo\\\/image\\\/\"}}]}<\/script>\n<!-- \/ Yoast SEO plugin. -->","yoast_head_json":{"title":"Qui\u00b7som - Empresa de Catering en Tarragona - Mes Que B\u00f3","robots":{"index":"index","follow":"follow","max-snippet":"max-snippet:-1","max-image-preview":"max-image-preview:large","max-video-preview":"max-video-preview:-1"},"canonical":"https:\/\/mesquebocatering.cat\/ca\/qui-som\/","og_locale":"ca_ES","og_type":"article","og_title":"Qui\u00b7som - Empresa de Catering en Tarragona - Mes Que B\u00f3","og_url":"https:\/\/mesquebocatering.cat\/ca\/qui-som\/","og_site_name":"Empresa de Catering en Tarragona - Mes Que B\u00f3","article_modified_time":"2018-11-28T19:08:54+00:00","twitter_card":"summary_large_image","twitter_misc":{"Temps estimat de lectura":"5 minuts"},"schema":{"@context":"https:\/\/schema.org","@graph":[{"@type":"WebPage","@id":"https:\/\/mesquebocatering.cat\/ca\/qui-som\/","url":"https:\/\/mesquebocatering.cat\/ca\/qui-som\/","name":"Qui\u00b7som - Empresa de Catering en Tarragona - Mes Que B\u00f3","isPartOf":{"@id":"https:\/\/mesquebocatering.cat\/#website"},"datePublished":"2018-11-26T11:25:19+00:00","dateModified":"2018-11-28T19:08:54+00:00","breadcrumb":{"@id":"https:\/\/mesquebocatering.cat\/ca\/qui-som\/#breadcrumb"},"inLanguage":"ca","potentialAction":[{"@type":"ReadAction","target":["https:\/\/mesquebocatering.cat\/ca\/qui-som\/"]}]},{"@type":"BreadcrumbList","@id":"https:\/\/mesquebocatering.cat\/ca\/qui-som\/#breadcrumb","itemListElement":[{"@type":"ListItem","position":1,"name":"Portada","item":"https:\/\/mesquebocatering.cat\/ca\/"},{"@type":"ListItem","position":2,"name":"Qui\u00b7som"}]},{"@type":"WebSite","@id":"https:\/\/mesquebocatering.cat\/#website","url":"https:\/\/mesquebocatering.cat\/","name":"Empresa de Catering en Tarragona - Mes Que B\u00f3","description":"Empresa de Catering en Tarragona y Reus","publisher":{"@id":"https:\/\/mesquebocatering.cat\/#organization"},"potentialAction":[{"@type":"SearchAction","target":{"@type":"EntryPoint","urlTemplate":"https:\/\/mesquebocatering.cat\/?s={search_term_string}"},"query-input":{"@type":"PropertyValueSpecification","valueRequired":true,"valueName":"search_term_string"}}],"inLanguage":"ca"},{"@type":"Organization","@id":"https:\/\/mesquebocatering.cat\/#organization","name":"Mes Que B\u00f3 Catering","url":"https:\/\/mesquebocatering.cat\/","logo":{"@type":"ImageObject","inLanguage":"ca","@id":"https:\/\/mesquebocatering.cat\/#\/schema\/logo\/image\/","url":"https:\/\/mesquebocatering.cat\/wp-content\/uploads\/2018\/11\/logo_footer.png","contentUrl":"https:\/\/mesquebocatering.cat\/wp-content\/uploads\/2018\/11\/logo_footer.png","width":178,"height":178,"caption":"Mes Que B\u00f3 Catering"},"image":{"@id":"https:\/\/mesquebocatering.cat\/#\/schema\/logo\/image\/"}}]}},"_links":{"self":[{"href":"https:\/\/mesquebocatering.cat\/ca\/wp-json\/wp\/v2\/pages\/230","targetHints":{"allow":["GET"]}}],"collection":[{"href":"https:\/\/mesquebocatering.cat\/ca\/wp-json\/wp\/v2\/pages"}],"about":[{"href":"https:\/\/mesquebocatering.cat\/ca\/wp-json\/wp\/v2\/types\/page"}],"author":[{"embeddable":true,"href":"https:\/\/mesquebocatering.cat\/ca\/wp-json\/wp\/v2\/users\/1"}],"replies":[{"embeddable":true,"href":"https:\/\/mesquebocatering.cat\/ca\/wp-json\/wp\/v2\/comments?post=230"}],"version-history":[{"count":3,"href":"https:\/\/mesquebocatering.cat\/ca\/wp-json\/wp\/v2\/pages\/230\/revisions"}],"predecessor-version":[{"id":341,"href":"https:\/\/mesquebocatering.cat\/ca\/wp-json\/wp\/v2\/pages\/230\/revisions\/341"}],"wp:attachment":[{"href":"https:\/\/mesquebocatering.cat\/ca\/wp-json\/wp\/v2\/media?parent=230"}],"curies":[{"name":"wp","href":"https:\/\/api.w.org\/{rel}","templated":true}]}}