{"id":227,"date":"2018-11-27T15:47:46","date_gmt":"2018-11-27T15:47:46","guid":{"rendered":"https:\/\/mesquebocatering.cat\/?page_id=227"},"modified":"2018-11-29T13:59:31","modified_gmt":"2018-11-29T13:59:31","slug":"mes-informacio-sobre-les-cookies","status":"publish","type":"page","link":"https:\/\/mesquebocatering.cat\/ca\/mes-informacio-sobre-les-cookies\/","title":{"rendered":"M\u00e9s informaci\u00f3 sobre les cookies"},"content":{"rendered":"\n<style type=\"text\/css\" data-created_by=\"avia_inline_auto\" id=\"style-css-av-jozwl8as-f13a837a64be8468e8627aab5c6665bc\">\n.avia-section.av-jozwl8as-f13a837a64be8468e8627aab5c6665bc{\nbackground-color:#ededed;\nbackground-image:unset;\n}\n<\/style>\n<div id='av_section_1'  class='avia-section av-jozwl8as-f13a837a64be8468e8627aab5c6665bc main_color avia-section-default avia-no-border-styling  avia-builder-el-0  el_before_av_section  avia-builder-el-first  avia-bg-style-scroll container_wrap fullsize'  ><div class='container av-section-cont-open' ><main  role=\"main\" itemprop=\"mainContentOfPage\"  class='template-page content  av-content-full alpha units'><div class='post-entry post-entry-type-page post-entry-227'><div class='entry-content-wrapper clearfix'>\n\n<style type=\"text\/css\" data-created_by=\"avia_inline_auto\" id=\"style-css-av-jp2o12z9-b45f085662b13f40285797dcc57a6bed\">\n#top .av-special-heading.av-jp2o12z9-b45f085662b13f40285797dcc57a6bed{\npadding-bottom:10px;\n}\nbody .av-special-heading.av-jp2o12z9-b45f085662b13f40285797dcc57a6bed .av-special-heading-tag .heading-char{\nfont-size:25px;\n}\n.av-special-heading.av-jp2o12z9-b45f085662b13f40285797dcc57a6bed .av-subheading{\nfont-size:15px;\n}\n<\/style>\n<div  class='av-special-heading av-jp2o12z9-b45f085662b13f40285797dcc57a6bed av-special-heading-h1 blockquote modern-quote modern-centered  avia-builder-el-1  avia-builder-el-no-sibling '><h1 class='av-special-heading-tag'  itemprop=\"headline\"  >M\u00e9s informaci\u00f3 sobre les cookies<\/h1><div class=\"special-heading-border\"><div class=\"special-heading-inner-border\"><\/div><\/div><\/div>\n<\/div><\/div><\/main><!-- close content main element --><\/div><\/div><div id='av_section_2'  class='avia-section av-adybe-6be443106eba4377281aa3db0c0d6cc2 main_color avia-section-default avia-no-border-styling  avia-builder-el-2  el_after_av_section  avia-builder-el-last  avia-bg-style-scroll container_wrap fullsize'  ><div class='container av-section-cont-open' ><div class='template-page content  av-content-full alpha units'><div class='post-entry post-entry-type-page post-entry-227'><div class='entry-content-wrapper clearfix'>\n<section  class='av_textblock_section av-jozwk8nt-bc30f4ca4fda7cdadf30df4a3efc7162'  itemscope=\"itemscope\" itemtype=\"https:\/\/schema.org\/CreativeWork\" ><div class='avia_textblock'  itemprop=\"text\" ><h2>\u00bfQu\u00e9 es una cookie?<\/h2>\n<p>Una <em>cookie<\/em> es un fichero de texto <b>inofensivo<\/b> que se almacena en su navegador cuando visita casi cualquier p\u00e1gina web. La utilidad de la <em>cookie<\/em> es que la web sea capaz de recordar su visita cuando vuelva a navegar por esa p\u00e1gina. Aunque mucha gente no lo sabe las <em>cookies<\/em> se llevan utilizando desde hace 20 a\u00f1os, cuando aparecieron los primeros navegadores para la World Wide Web.<\/p>\n<h2>\u00bfQu\u00e9 NO ES una cookie?<\/h2>\n<p>No es un virus, ni un troyano, ni un gusano, ni spam, ni spyware, ni abre ventanas pop-up.<\/p>\n<h2>\u00bfQu\u00e9 informaci\u00f3n almacena una <em>cookie<\/em>?<\/h2>\n<p>Las <em>cookies<\/em> no suelen almacenar informaci\u00f3n sensible sobre usted, como tarjetas de cr\u00e9dito o datos bancarios, fotograf\u00edas, su DNI o informaci\u00f3n personal, etc. Los datos que guardan son de car\u00e1cter t\u00e9cnico, preferencias personales, personalizaci\u00f3n de contenidos, etc.<\/p>\n<p>El servidor web no le asocia a usted como persona si no a su navegador web. De hecho, si usted navega habitualmente con Internet Explorer y prueba a navegar por la misma web con Firefox o Chrome ver\u00e1 que la web no se da cuenta que es usted la misma persona porque en realidad est\u00e1 asociando al navegador, no a la persona.<\/p>\n<h2>\u00bfQu\u00e9 tipo de <em>cookies<\/em> existen?<\/h2>\n<ul>\n<li><em>Cookies<\/em> t\u00e9cnicas: Son las m\u00e1s elementales y permiten, entre otras cosas, saber cu\u00e1ndo est\u00e1 navegando un humano o una aplicaci\u00f3n automatizada, cu\u00e1ndo navega un usuario an\u00f3nimo y uno registrado, tareas b\u00e1sicas para el funcionamiento de cualquier web din\u00e1mica.<\/li>\n<li><em>Cookies<\/em> de an\u00e1lisis: Recogen informaci\u00f3n sobre el tipo de navegaci\u00f3n que est\u00e1 realizando, las secciones que m\u00e1s utiliza, productos consultados, franja horaria de uso, idioma, etc.<\/li>\n<li><em>Cookies<\/em> publicitarias: Muestran publicidad en funci\u00f3n de su navegaci\u00f3n, su pa\u00eds de procedencia, idioma, etc.<\/li>\n<\/ul>\n<h2>\u00bfQu\u00e9 son las <em>cookies<\/em> propias y las de terceros?<\/h2>\n<p>Las <em>cookies propias<\/em> son las generadas por la p\u00e1gina que est\u00e1 visitando y las <em>de terceros<\/em> son las generadas por servicios o proveedores externos como Facebook, Twitter, Google, etc.<\/p>\n<h2>\u00bfQu\u00e9 ocurre si desactivo las <em>cookies<\/em>?<\/h2>\n<p>Para que entienda el alcance que puede tener desactivar las <em>cookies<\/em> le mostramos unos ejemplos:<\/p>\n<ul>\n<li>No podr\u00e1 compartir contenidos de esa web en Facebook, Twitter o cualquier otra red social.<\/li>\n<li>El sitio web no podr\u00e1 adaptar los contenidos a sus preferencias personales, como suele ocurrir en las tiendas online.<\/li>\n<li>No podr\u00e1 acceder al \u00e1rea personal de esa web, como por ejemplo <em>Mi cuenta<\/em>, o <em>Mi perfil<\/em> o <em>Mis pedidos<\/em>.<\/li>\n<li>Tiendas online: Le ser\u00e1 imposible realizar compras online, tendr\u00e1n que ser telef\u00f3nicas o visitando la tienda f\u00edsica si es que dispone de ella.<\/li>\n<li>No ser\u00e1 posible personalizar sus preferencias geogr\u00e1ficas como franja horaria, divisa o idioma.<\/li>\n<li>El sitio web no podr\u00e1 realizar anal\u00edticas web sobre visitantes y tr\u00e1fico en la web, lo que dificultar\u00e1 que la web sea competitiva.<\/li>\n<li>No podr\u00e1 escribir en el blog, no podr\u00e1 subir fotos, publicar comentarios, valorar o puntuar contenidos. La web tampoco podr\u00e1 saber si usted es un humano o una aplicaci\u00f3n automatizada que publica <em>spam<\/em>.<\/li>\n<li>No se podr\u00e1 mostrar publicidad sectorizada, lo que reducir\u00e1 los ingresos publicitarios de la web.<\/li>\n<li>Todas las redes sociales usan <em>cookies<\/em>, si las desactiva no podr\u00e1 utilizar ninguna red social.<\/li>\n<\/ul>\n<h2>\u00bfSe pueden eliminar las <em>cookies<\/em>?<\/h2>\n<p>S\u00ed. No s\u00f3lo eliminar, tambi\u00e9n bloquear, de forma general o particular para un dominio espec\u00edfico.<\/p>\n<p>Para eliminar las <em>cookies<\/em> de un sitio web debe ir a la configuraci\u00f3n de su navegador y all\u00ed podr\u00e1 buscar las asociadas al dominio en cuesti\u00f3n y proceder a su eliminaci\u00f3n.<\/p>\n<p id=\"navegadores\"><strong>Configuraci\u00f3n de <em>cookies<\/em> para los navegadores m\u00e1s populares <\/strong><\/p>\n<p><strong>A continuaci\u00f3n le indicamos c\u00f3mo acceder a una <em>cookie<\/em> determinada del navegador <b>Chrome<\/b>. Nota: estos pasos pueden variar en funci\u00f3n de la versi\u00f3n del navegador:<\/strong><\/p>\n<ol>\n<li>Vaya a Configuraci\u00f3n o Preferencias mediante el men\u00fa Archivo o bien pinchando el icono de personalizaci\u00f3n que aparece arriba a la derecha.<\/li>\n<li>Ver\u00e1 diferentes secciones, pinche la opci\u00f3n <em>Mostrar opciones avanzadas<\/em>.<\/li>\n<li>Vaya a <em>Privacidad<\/em>, <em>Configuraci\u00f3n de contenido<\/em>.<\/li>\n<li>Seleccione <em>Todas las <em>cookies<\/em> y los datos de sitios<\/em>.<\/li>\n<li>Aparecer\u00e1 un listado con todas las <em>cookies<\/em> ordenadas por dominio. Para que le sea m\u00e1s f\u00e1cil encontrar las <em>cookies<\/em> de un determinado dominio introduzca parcial o totalmente la direcci\u00f3n en el campo <em>Buscar cookies<\/em>.<\/li>\n<li>Tras realizar este filtro aparecer\u00e1n en pantalla una o varias l\u00edneas con las <em>cookies<\/em> de la web solicitada. Ahora s\u00f3lo tiene que seleccionarla y pulsar la <em>X<\/em> para proceder a su eliminaci\u00f3n.<\/li>\n<\/ol>\n<p>Para acceder a la configuraci\u00f3n de <em>cookies<\/em> del navegador <b>Internet Explorer<\/b> siga estos pasos (pueden variar en funci\u00f3n de la versi\u00f3n del navegador):<\/p>\n<ol>\n<li>Vaya a <em>Herramientas<\/em>, <em>Opciones de Internet<\/em><\/li>\n<li>Haga click en <em>Privacidad<\/em>.<\/li>\n<li>Mueva el deslizador hasta ajustar el nivel de privacidad que desee.<\/li>\n<\/ol>\n<p>Para acceder a la configuraci\u00f3n de <em>cookies<\/em> del navegador <b>Firefox<\/b> siga estos pasos (pueden variar en funci\u00f3n de la versi\u00f3n del navegador):<\/p>\n<ol>\n<li>Vaya a <em>Opciones<\/em> o <em>Preferencias<\/em> seg\u00fan su sistema operativo.<\/li>\n<li>Haga click en <em>Privacidad<\/em>.<\/li>\n<li>En <em>Historial<\/em> elija <em>Usar una configuraci\u00f3n personalizada para el historial<\/em>.<\/li>\n<li>Ahora ver\u00e1 la opci\u00f3n <em>Aceptar cookies<\/em>, puede activarla o desactivarla seg\u00fan sus preferencias.<\/li>\n<\/ol>\n<p>Para acceder a la configuraci\u00f3n de <em>cookies<\/em> del navegador <b>Safari para OSX<\/b> siga estos pasos (pueden variar en funci\u00f3n de la versi\u00f3n del navegador):<\/p>\n<ol>\n<li>Vaya a <em>Preferencias<\/em>, luego <em>Privacidad<\/em>.<\/li>\n<li>En este lugar ver\u00e1 la opci\u00f3n <em>Bloquear cookies<\/em> para que ajuste el tipo de bloqueo que desea realizar.<\/li>\n<\/ol>\n<p>Para acceder a la configuraci\u00f3n de <em>cookies<\/em> del navegador <b>Safari para iOS<\/b> siga estos pasos (pueden variar en funci\u00f3n de la versi\u00f3n del navegador):<\/p>\n<ol>\n<li>Vaya a <em>Ajustes<\/em>, luego <em>Safari<\/em>.<\/li>\n<li>Vaya a <em>Privacidad y Seguridad<\/em>, ver\u00e1 la opci\u00f3n <em>Bloquear cookies<\/em> para que ajuste el tipo de bloqueo que desea realizar.<\/li>\n<\/ol>\n<p>Para acceder a la configuraci\u00f3n de <em>cookies<\/em> del navegador para dispositivos <b>Android<\/b> siga estos pasos (pueden variar en funci\u00f3n de la versi\u00f3n del navegador):<\/p>\n<ol>\n<li>Ejecute el navegador y pulse la tecla <em>Men\u00fa<\/em>, luego <em>Ajustes<\/em>.<\/li>\n<li>Vaya a <em>Seguridad y Privacidad<\/em>, ver\u00e1 la opci\u00f3n <em>Aceptar cookies<\/em> para que active o desactive la casilla.<\/li>\n<\/ol>\n<p>Para acceder a la configuraci\u00f3n de <em>cookies<\/em> del navegador para dispositivos <b>Windows Phone<\/b> siga estos pasos (pueden variar en funci\u00f3n de la versi\u00f3n del navegador):<\/p>\n<ol>\n<li>Abra <em>Internet Explorer<\/em>, luego <em>M\u00e1s<\/em>, luego <em>Configuraci\u00f3n<\/em><\/li>\n<li>Ahora puede activar o desactivar la casilla <em>Permitir cookies<\/em>.<\/li>\n<\/ol>\n<\/div><\/section>\n<\/p>\n","protected":false},"excerpt":{"rendered":"","protected":false},"author":1,"featured_media":0,"parent":0,"menu_order":0,"comment_status":"closed","ping_status":"closed","template":"","meta":{"footnotes":""},"class_list":["post-227","page","type-page","status-publish","hentry"],"yoast_head":"<!-- This site is optimized with the Yoast SEO plugin v27.5 - https:\/\/yoast.com\/product\/yoast-seo-wordpress\/ -->\n<title>M\u00e9s informaci\u00f3 sobre les cookies - Empresa de Catering en Tarragona - Mes Que B\u00f3<\/title>\n<meta name=\"robots\" content=\"index, follow, max-snippet:-1, max-image-preview:large, max-video-preview:-1\" \/>\n<link rel=\"canonical\" href=\"https:\/\/mesquebocatering.cat\/ca\/mes-informacio-sobre-les-cookies\/\" \/>\n<meta property=\"og:locale\" content=\"ca_ES\" \/>\n<meta property=\"og:type\" content=\"article\" \/>\n<meta property=\"og:title\" content=\"M\u00e9s informaci\u00f3 sobre les cookies - Empresa de Catering en Tarragona - Mes Que B\u00f3\" \/>\n<meta property=\"og:url\" content=\"https:\/\/mesquebocatering.cat\/ca\/mes-informacio-sobre-les-cookies\/\" \/>\n<meta property=\"og:site_name\" content=\"Empresa de Catering en Tarragona - Mes Que B\u00f3\" \/>\n<meta property=\"article:modified_time\" content=\"2018-11-29T13:59:31+00:00\" \/>\n<meta name=\"twitter:card\" content=\"summary_large_image\" \/>\n<meta name=\"twitter:label1\" content=\"Temps estimat de lectura\" \/>\n\t<meta name=\"twitter:data1\" content=\"7 minuts\" \/>\n<script type=\"application\/ld+json\" class=\"yoast-schema-graph\">{\"@context\":\"https:\\\/\\\/schema.org\",\"@graph\":[{\"@type\":\"WebPage\",\"@id\":\"https:\\\/\\\/mesquebocatering.cat\\\/ca\\\/mes-informacio-sobre-les-cookies\\\/\",\"url\":\"https:\\\/\\\/mesquebocatering.cat\\\/ca\\\/mes-informacio-sobre-les-cookies\\\/\",\"name\":\"M\u00e9s informaci\u00f3 sobre les cookies - Empresa de Catering en Tarragona - Mes Que B\u00f3\",\"isPartOf\":{\"@id\":\"https:\\\/\\\/mesquebocatering.cat\\\/#website\"},\"datePublished\":\"2018-11-27T15:47:46+00:00\",\"dateModified\":\"2018-11-29T13:59:31+00:00\",\"breadcrumb\":{\"@id\":\"https:\\\/\\\/mesquebocatering.cat\\\/ca\\\/mes-informacio-sobre-les-cookies\\\/#breadcrumb\"},\"inLanguage\":\"ca\",\"potentialAction\":[{\"@type\":\"ReadAction\",\"target\":[\"https:\\\/\\\/mesquebocatering.cat\\\/ca\\\/mes-informacio-sobre-les-cookies\\\/\"]}]},{\"@type\":\"BreadcrumbList\",\"@id\":\"https:\\\/\\\/mesquebocatering.cat\\\/ca\\\/mes-informacio-sobre-les-cookies\\\/#breadcrumb\",\"itemListElement\":[{\"@type\":\"ListItem\",\"position\":1,\"name\":\"Portada\",\"item\":\"https:\\\/\\\/mesquebocatering.cat\\\/ca\\\/\"},{\"@type\":\"ListItem\",\"position\":2,\"name\":\"M\u00e9s informaci\u00f3 sobre les cookies\"}]},{\"@type\":\"WebSite\",\"@id\":\"https:\\\/\\\/mesquebocatering.cat\\\/#website\",\"url\":\"https:\\\/\\\/mesquebocatering.cat\\\/\",\"name\":\"Empresa de Catering en Tarragona - Mes Que B\u00f3\",\"description\":\"Empresa de Catering en Tarragona y Reus\",\"publisher\":{\"@id\":\"https:\\\/\\\/mesquebocatering.cat\\\/#organization\"},\"potentialAction\":[{\"@type\":\"SearchAction\",\"target\":{\"@type\":\"EntryPoint\",\"urlTemplate\":\"https:\\\/\\\/mesquebocatering.cat\\\/?s={search_term_string}\"},\"query-input\":{\"@type\":\"PropertyValueSpecification\",\"valueRequired\":true,\"valueName\":\"search_term_string\"}}],\"inLanguage\":\"ca\"},{\"@type\":\"Organization\",\"@id\":\"https:\\\/\\\/mesquebocatering.cat\\\/#organization\",\"name\":\"Mes Que B\u00f3 Catering\",\"url\":\"https:\\\/\\\/mesquebocatering.cat\\\/\",\"logo\":{\"@type\":\"ImageObject\",\"inLanguage\":\"ca\",\"@id\":\"https:\\\/\\\/mesquebocatering.cat\\\/#\\\/schema\\\/logo\\\/image\\\/\",\"url\":\"https:\\\/\\\/mesquebocatering.cat\\\/wp-content\\\/uploads\\\/2018\\\/11\\\/logo_footer.png\",\"contentUrl\":\"https:\\\/\\\/mesquebocatering.cat\\\/wp-content\\\/uploads\\\/2018\\\/11\\\/logo_footer.png\",\"width\":178,\"height\":178,\"caption\":\"Mes Que B\u00f3 Catering\"},\"image\":{\"@id\":\"https:\\\/\\\/mesquebocatering.cat\\\/#\\\/schema\\\/logo\\\/image\\\/\"}}]}<\/script>\n<!-- \/ Yoast SEO plugin. -->","yoast_head_json":{"title":"M\u00e9s informaci\u00f3 sobre les cookies - Empresa de Catering en Tarragona - Mes Que B\u00f3","robots":{"index":"index","follow":"follow","max-snippet":"max-snippet:-1","max-image-preview":"max-image-preview:large","max-video-preview":"max-video-preview:-1"},"canonical":"https:\/\/mesquebocatering.cat\/ca\/mes-informacio-sobre-les-cookies\/","og_locale":"ca_ES","og_type":"article","og_title":"M\u00e9s informaci\u00f3 sobre les cookies - Empresa de Catering en Tarragona - Mes Que B\u00f3","og_url":"https:\/\/mesquebocatering.cat\/ca\/mes-informacio-sobre-les-cookies\/","og_site_name":"Empresa de Catering en Tarragona - Mes Que B\u00f3","article_modified_time":"2018-11-29T13:59:31+00:00","twitter_card":"summary_large_image","twitter_misc":{"Temps estimat de lectura":"7 minuts"},"schema":{"@context":"https:\/\/schema.org","@graph":[{"@type":"WebPage","@id":"https:\/\/mesquebocatering.cat\/ca\/mes-informacio-sobre-les-cookies\/","url":"https:\/\/mesquebocatering.cat\/ca\/mes-informacio-sobre-les-cookies\/","name":"M\u00e9s informaci\u00f3 sobre les cookies - Empresa de Catering en Tarragona - Mes Que B\u00f3","isPartOf":{"@id":"https:\/\/mesquebocatering.cat\/#website"},"datePublished":"2018-11-27T15:47:46+00:00","dateModified":"2018-11-29T13:59:31+00:00","breadcrumb":{"@id":"https:\/\/mesquebocatering.cat\/ca\/mes-informacio-sobre-les-cookies\/#breadcrumb"},"inLanguage":"ca","potentialAction":[{"@type":"ReadAction","target":["https:\/\/mesquebocatering.cat\/ca\/mes-informacio-sobre-les-cookies\/"]}]},{"@type":"BreadcrumbList","@id":"https:\/\/mesquebocatering.cat\/ca\/mes-informacio-sobre-les-cookies\/#breadcrumb","itemListElement":[{"@type":"ListItem","position":1,"name":"Portada","item":"https:\/\/mesquebocatering.cat\/ca\/"},{"@type":"ListItem","position":2,"name":"M\u00e9s informaci\u00f3 sobre les cookies"}]},{"@type":"WebSite","@id":"https:\/\/mesquebocatering.cat\/#website","url":"https:\/\/mesquebocatering.cat\/","name":"Empresa de Catering en Tarragona - Mes Que B\u00f3","description":"Empresa de Catering en Tarragona y Reus","publisher":{"@id":"https:\/\/mesquebocatering.cat\/#organization"},"potentialAction":[{"@type":"SearchAction","target":{"@type":"EntryPoint","urlTemplate":"https:\/\/mesquebocatering.cat\/?s={search_term_string}"},"query-input":{"@type":"PropertyValueSpecification","valueRequired":true,"valueName":"search_term_string"}}],"inLanguage":"ca"},{"@type":"Organization","@id":"https:\/\/mesquebocatering.cat\/#organization","name":"Mes Que B\u00f3 Catering","url":"https:\/\/mesquebocatering.cat\/","logo":{"@type":"ImageObject","inLanguage":"ca","@id":"https:\/\/mesquebocatering.cat\/#\/schema\/logo\/image\/","url":"https:\/\/mesquebocatering.cat\/wp-content\/uploads\/2018\/11\/logo_footer.png","contentUrl":"https:\/\/mesquebocatering.cat\/wp-content\/uploads\/2018\/11\/logo_footer.png","width":178,"height":178,"caption":"Mes Que B\u00f3 Catering"},"image":{"@id":"https:\/\/mesquebocatering.cat\/#\/schema\/logo\/image\/"}}]}},"_links":{"self":[{"href":"https:\/\/mesquebocatering.cat\/ca\/wp-json\/wp\/v2\/pages\/227","targetHints":{"allow":["GET"]}}],"collection":[{"href":"https:\/\/mesquebocatering.cat\/ca\/wp-json\/wp\/v2\/pages"}],"about":[{"href":"https:\/\/mesquebocatering.cat\/ca\/wp-json\/wp\/v2\/types\/page"}],"author":[{"embeddable":true,"href":"https:\/\/mesquebocatering.cat\/ca\/wp-json\/wp\/v2\/users\/1"}],"replies":[{"embeddable":true,"href":"https:\/\/mesquebocatering.cat\/ca\/wp-json\/wp\/v2\/comments?post=227"}],"version-history":[{"count":3,"href":"https:\/\/mesquebocatering.cat\/ca\/wp-json\/wp\/v2\/pages\/227\/revisions"}],"predecessor-version":[{"id":367,"href":"https:\/\/mesquebocatering.cat\/ca\/wp-json\/wp\/v2\/pages\/227\/revisions\/367"}],"wp:attachment":[{"href":"https:\/\/mesquebocatering.cat\/ca\/wp-json\/wp\/v2\/media?parent=227"}],"curies":[{"name":"wp","href":"https:\/\/api.w.org\/{rel}","templated":true}]}}